{"id":11,"date":"2021-09-21T13:26:08","date_gmt":"2021-09-21T10:26:08","guid":{"rendered":"https:\/\/parkofideas.com\/goldish\/demo1\/?page_id=11"},"modified":"2025-12-05T14:56:13","modified_gmt":"2025-12-05T12:56:13","slug":"privacy_policy","status":"publish","type":"page","link":"https:\/\/montresorshop.com\/ru\/privacy_policy\/","title":{"rendered":"\u041f\u043e\u043b\u0438\u0442\u0438\u043a\u0430 \u043f\u0440\u0438\u0432\u0430\u0442\u043d\u043e\u0441\u0442\u0438"},"content":{"rendered":"<div data-elementor-type=\"wp-page\" data-elementor-id=\"11\" class=\"elementor elementor-11\">\n\t\t\t\t\t\t<section class=\"elementor-section elementor-top-section elementor-element elementor-element-37b6c529 elementor-section-boxed elementor-section-height-default elementor-section-height-default\" data-id=\"37b6c529\" data-element_type=\"section\" data-e-type=\"section\">\n\t\t\t\t\t\t<div class=\"elementor-container elementor-column-gap-default\">\n\t\t\t\t\t<div class=\"elementor-column elementor-col-100 elementor-top-column elementor-element elementor-element-71fe6ff\" data-id=\"71fe6ff\" data-element_type=\"column\" data-e-type=\"column\">\n\t\t\t<div class=\"elementor-widget-wrap elementor-element-populated\">\n\t\t\t\t\t\t<div class=\"elementor-element elementor-element-21fb8bac elementor-widget elementor-widget-text-editor\" data-id=\"21fb8bac\" data-element_type=\"widget\" data-e-type=\"widget\" data-widget_type=\"text-editor.default\">\n\t\t\t\t<div class=\"elementor-widget-container\">\n\t\t\t\t\t\t\t\t\t<ol style=\"font-weight: 400;\"><li>SIA \u201cAltra moda\u201d (re\u0123istr\u0113ts Latvijas Republikas Uz\u0146\u0113mumu re\u0123istr\u0101, re\u0123.nr. LV440003537762) (turpm\u0101k \u2013 SIA \u201cAltra moda\u201d), ir P\u0101rzinis, kas izpilda Eiropas Savien\u012bbas Visp\u0101r\u012bg\u0101s datu aizsardz\u012bbas regulas Nr.2016\/679 (GDPR) pras\u012bbas Latvij\u0101.<br \/>\u0160\u012b Priv\u0101tuma politika izskaidro, k\u0101 SIA \u201cAltra moda\u201d \u00a0apstr\u0101d\u0101\u00a0 personas\u00a0 datus,\u00a0 kad\u00a0 tiek\u00a0 izmantoti uz\u0146\u0113muma pakalpojumi. \u0160\u012b politika attiecas uz visa veida personas datu apstr\u0101di, ko SIA \u201cAltra moda\u201d iev\u0101c no m\u0101jas\u00a0 lap\u0101m, e-pastu sarakstes, aplik\u0101cij\u0101m, logr\u012bkiem, anket\u0101m, l\u012bgumiem un citiem avotiem.<\/li><\/ol><p style=\"font-weight: 400;\"><b><strong>\u0421\u0431\u043e\u0440 \u0438 \u0438\u0441\u043f\u043e\u043b\u044c\u0437\u043e\u0432\u0430\u043d\u0438\u0435 \u043f\u0435\u0440\u0441\u043e\u043d\u0430\u043b\u044c\u043d\u044b\u0445 \u0434\u0430\u043d\u043d\u044b\u0445<\/strong><\/b><\/p><ol style=\"font-weight: 400;\"><li>Neatkar\u012bgi no kuras valsts J\u016bs piek\u013c\u016bstat SIA \u201cAltra moda\u201d pakalpojumiem, personas datu apstr\u0101d\u0113 tiek iev\u0113roti Regulas noteikumi. J\u016bs esat inform\u0113ti, ka J\u016bsu personas dati Latvij\u0101 var tikt apstr\u0101d\u0101ti ar\u012b uz \u0161\u012bs valsts likuma pamata.<\/li><li>SIA \u201cAltra moda\u201d inform\u0113, ka nor\u0101dot savu e-pasta adresi, piekr\u012btat, ka t\u0101 tiek iek\u013cauta datu b\u0101z\u0113 un uz to no interneta vietnes montresorshop.com var tikt nos\u016bt\u012bts pazi\u0146ojums\/atg\u0101din\u0101jums par uzs\u0101ktajiem, bet nepabeigtajiem pre\u010du pas\u016bt\u012bjumiem.<\/li><li>J\u016bs esat inform\u0113ts, ka lietojot interneta vietni montresorshop.com, SIA \u201cAltra moda\u201d vai jebkura tre\u0161\u0101 persona, kas darbojas montresorshop.com v\u0101rd\u0101, var apkopot un uzglab\u0101t datus, kas \u013cauj izsekot un uzskait\u012bt:<ol><li>\u043e\u0431\u0449\u0435\u0435 \u043a\u043e\u043b\u0438\u0447\u0435\u0441\u0442\u0432\u043e \u043f\u043e\u0441\u0435\u0449\u0435\u043d\u0438\u0439 \u0432\u0435\u0431-\u0441\u0430\u0439\u0442\u043e\u0432;<\/li><li>IP-\u0430\u0434\u0440\u0435\u0441\u0430;<\/li><li>\u0434\u0440\u0443\u0433\u0438\u0435 \u0434\u0430\u043d\u043d\u044b\u0435, \u0446\u0435\u043b\u044c\u044e \u0438\u0441\u043f\u043e\u043b\u044c\u0437\u043e\u0432\u0430\u043d\u0438\u044f \u043a\u043e\u0442\u043e\u0440\u044b\u0445 \u044f\u0432\u043b\u044f\u0435\u0442\u0441\u044f \u0430\u0434\u043c\u0438\u043d\u0438\u0441\u0442\u0440\u0438\u0440\u043e\u0432\u0430\u043d\u0438\u0435 \u0441\u0438\u0441\u0442\u0435\u043c, \u0430 \u0442\u0430\u043a\u0436\u0435 \u043a\u043e\u043d\u0442\u0440\u043e\u043b\u044c \u0438\u0441\u043f\u043e\u043b\u044c\u0437\u043e\u0432\u0430\u043d\u0438\u044f \u0438\u043d\u0442\u0435\u0440\u043d\u0435\u0442-\u043f\u043e\u0440\u0442\u0430\u043b\u0430 montresorshop.com \u0438 \u043e\u0440\u0433\u0430\u043d\u0438\u0437\u0430\u0446\u0438\u044f \u0435\u0433\u043e \u0443\u043b\u0443\u0447\u0448\u0435\u043d\u0438\u0439\u00a0<\/li><\/ol><\/li><\/ol><p>\u041e\u0431\u0440\u0430\u0431\u043e\u0442\u043a\u0430 \u043f\u043b\u0430\u0442\u0435\u0436\u0435\u0439 \u043e\u0431\u0435\u0441\u043f\u0435\u0447\u0438\u0432\u0430\u0435\u0442\u0441\u044f \u043f\u043b\u0430\u0442\u0435\u0436\u043d\u043e\u0439 \u043f\u043b\u0430\u0442\u0444\u043e\u0440\u043c\u043e\u0439\u00a0<a href=\"https:\/\/makecommerce.lv\/\">makecommerce.lv<\/a>\u043f\u043e\u044d\u0442\u043e\u043c\u0443 \u043d\u0430\u0448\u0430 \u043a\u043e\u043c\u043f\u0430\u043d\u0438\u044f \u043f\u0435\u0440\u0435\u0434\u0430\u0435\u0442 \u043f\u0435\u0440\u0441\u043e\u043d\u0430\u043b\u044c\u043d\u044b\u0435 \u0434\u0430\u043d\u043d\u044b\u0435, \u043d\u0435\u043e\u0431\u0445\u043e\u0434\u0438\u043c\u044b\u0435 \u0434\u043b\u044f \u0432\u044b\u043f\u043e\u043b\u043d\u0435\u043d\u0438\u044f \u043f\u043b\u0430\u0442\u0435\u0436\u0435\u0439, \u0432\u043b\u0430\u0434\u0435\u043b\u044c\u0446\u0443 \u043f\u043b\u0430\u0442\u0444\u043e\u0440\u043c\u044b Maksekeskus AS.<\/p><p style=\"font-weight: 400;\"><b><strong>\u0426\u0435\u043b\u0438 \u0438 \u043f\u0440\u0430\u0432\u043e\u0432\u044b\u0435 \u043e\u0441\u043d\u043e\u0432\u044b \u043e\u0431\u0440\u0430\u0431\u043e\u0442\u043a\u0438 \u0434\u0430\u043d\u043d\u044b\u0445<\/strong><\/b><\/p><ol style=\"font-weight: 400;\"><li>SIA \u201cAltra moda\u201d apstr\u0101d\u0101 personas datus galvenok\u0101rt \u0161\u0101diem m\u0113r\u0137iem:<\/li><\/ol><ul><li style=\"font-weight: 400;\">\u041f\u043e\u0434\u0433\u043e\u0442\u043e\u0432\u043a\u0430, \u0437\u0430\u043a\u043b\u044e\u0447\u0435\u043d\u0438\u0435 \u0438 \u043e\u0442\u043f\u0440\u0430\u0432\u043a\u0430 \u0443\u0441\u043b\u0443\u0433 \u0438 \u0434\u0438\u0441\u0442\u0430\u043d\u0446\u0438\u043e\u043d\u043d\u043e\u0433\u043e \u0434\u043e\u0433\u043e\u0432\u043e\u0440\u0430, \u0441\u0447\u0435\u0442\u043e\u0432<\/li><li style=\"font-weight: 400;\">\u041e\u0431\u0435\u0441\u043f\u0435\u0447\u0435\u043d\u0438\u0435 \u044d\u0444\u0444\u0435\u043a\u0442\u0438\u0432\u043d\u043e\u0441\u0442\u0438 \u043f\u0440\u043e\u0446\u0435\u0441\u0441\u043e\u0432 \u0443\u043f\u0440\u0430\u0432\u043b\u0435\u043d\u0438\u044f \u043f\u0440\u0435\u0434\u043f\u0440\u0438\u044f\u0442\u0438\u0435\u043c<\/li><li style=\"font-weight: 400;\">\u041f\u043b\u0430\u043d\u0438\u0440\u043e\u0432\u0430\u043d\u0438\u0435 \u0438 \u0431\u0438\u0437\u043d\u0435\u0441-\u0430\u043d\u0430\u043b\u0438\u0442\u0438\u043a\u0430<\/li><li style=\"font-weight: 400;\">\u041f\u043e\u0434\u0431\u043e\u0440 \u0438 \u0443\u043f\u0440\u0430\u0432\u043b\u0435\u043d\u0438\u0435 \u043f\u0435\u0440\u0441\u043e\u043d\u0430\u043b\u043e\u043c<\/li><li style=\"font-weight: 400;\">\u0420\u0430\u0441\u0441\u043c\u043e\u0442\u0440\u0435\u043d\u0438\u0435 \u0438 \u043e\u0431\u0440\u0430\u0431\u043e\u0442\u043a\u0430 \u0437\u0430\u044f\u0432\u043e\u043a<\/li><li style=\"font-weight: 400;\">\u0420\u0430\u0441\u0441\u044b\u043b\u043a\u0430 \u043d\u043e\u0432\u0438\u043d\u043e\u043a<\/li><\/ul><ol style=\"font-weight: 400;\"><li>SIA \u201cAltra moda\u201d apstr\u0101d\u0101 personas datus uz \u0161\u0101diem tiesiskajiem pamatiem:<\/li><\/ol><ul><li style=\"font-weight: 400;\">\u0414\u043b\u044f \u0432\u044b\u043f\u043e\u043b\u043d\u0435\u043d\u0438\u044f \u044e\u0440\u0438\u0434\u0438\u0447\u0435\u0441\u043a\u0438\u0445 \u043e\u0431\u044f\u0437\u0430\u0442\u0435\u043b\u044c\u0441\u0442\u0432, \u0443\u0441\u0442\u0430\u043d\u043e\u0432\u043b\u0435\u043d\u043d\u044b\u0445 \u043d\u043e\u0440\u043c\u0430\u0442\u0438\u0432\u043d\u044b\u043c\u0438 \u0430\u043a\u0442\u0430\u043c\u0438<\/li><li style=\"font-weight: 400;\">\u0414\u043b\u044f \u043e\u0431\u0435\u0441\u043f\u0435\u0447\u0435\u043d\u0438\u044f \u043b\u0435\u0433\u0438\u0442\u0438\u043c\u043d\u043e\u0433\u043e \u0438\u043d\u0442\u0435\u0440\u0435\u0441\u0430<\/li><li style=\"font-weight: 400;\">\u0414\u043b\u044f \u0437\u0430\u043a\u043b\u044e\u0447\u0435\u043d\u0438\u044f \u0438 \u0432\u044b\u043f\u043e\u043b\u043d\u0435\u043d\u0438\u044f \u0434\u043e\u0433\u043e\u0432\u043e\u0440\u0430<\/li><li style=\"font-weight: 400;\">\u0421\u043e\u0433\u043b\u0430\u0441\u0438\u0435 \u0441\u0443\u0431\u044a\u0435\u043a\u0442\u0430 \u043f\u0435\u0440\u0441\u043e\u043d\u0430\u043b\u044c\u043d\u044b\u0445 \u0434\u0430\u043d\u043d\u044b\u0445<\/li><\/ul><p style=\"font-weight: 400;\"><b><strong>\u0421\u0440\u043e\u043a \u0445\u0440\u0430\u043d\u0435\u043d\u0438\u044f \u043f\u0435\u0440\u0441\u043e\u043d\u0430\u043b\u044c\u043d\u044b\u0445 \u0434\u0430\u043d\u043d\u044b\u0445<\/strong><\/b><\/p><ol style=\"font-weight: 400;\"><li>SIA \u201cAltra moda\u201d glab\u0101 personas datus atbilsto\u0161i defin\u0113tajiem personas datu apstr\u0101des m\u0113r\u0137iem un normat\u012bvo aktu pras\u012bb\u0101m, kam\u0113r past\u0101v vismaz viens no \u0161iem krit\u0113rijiem:<\/li><\/ol><ul><li style=\"font-weight: 400;\">kam\u0113r \u0101r\u0113jos normat\u012bvajos aktos noteiktaj\u0101 k\u0101rt\u012bb\u0101 SIA \u201cAltra moda\u201d var realiz\u0113t savas le\u0123it\u012bm\u0101s intereses;<\/li><li style=\"font-weight: 400;\">kam\u0113r SIA \u201cAltra moda\u201d past\u0101v juridisks pien\u0101kums datus glab\u0101t saska\u0146\u0101 ar normat\u012bvajiem\u00a0 aktiem;<\/li><li style=\"font-weight: 400;\">\u043f\u043e\u043a\u0430 \u0434\u0435\u0439\u0441\u0442\u0432\u0443\u0435\u0442 \u0441\u043e\u0433\u043b\u0430\u0441\u0438\u0435 \u0441\u0443\u0431\u044a\u0435\u043a\u0442\u0430 \u043f\u0435\u0440\u0441\u043e\u043d\u0430\u043b\u044c\u043d\u044b\u0445 \u0434\u0430\u043d\u043d\u044b\u0445 \u0434\u043b\u044f \u0441\u043e\u043e\u0442\u0432\u0435\u0442\u0441\u0442\u0432\u0443\u044e\u0449\u0435\u0439 \u043e\u0431\u0440\u0430\u0431\u043e\u0442\u043a\u0438 \u0434\u0430\u043d\u043d\u044b\u0445, \u0435\u0441\u043b\u0438 \u043d\u0435 \u0441\u0443\u0449\u0435\u0441\u0442\u0432\u0443\u0435\u0442 \u0434\u0440\u0443\u0433\u043e\u0433\u043e \u0437\u0430\u043a\u043e\u043d\u043d\u043e\u0433\u043e \u043e\u0441\u043d\u043e\u0432\u0430\u043d\u0438\u044f \u043e\u0431\u0440\u0430\u0431\u043e\u0442\u043a\u0438 \u0434\u0430\u043d\u043d\u044b\u0445.<\/li><\/ul><p style=\"font-weight: 400;\"><b><strong>\u0424\u0430\u0439\u043b\u044b cookie<\/strong><\/b><\/p><ol style=\"font-weight: 400;\"><li>S\u012bkdatnes ir teksta datne, kas tiek ievietota m\u0101jas lapas lietot\u0101ja datora p\u0101rl\u016bkprogramm\u0101, lai uzlabotu m\u0101jas lapas darb\u012bbu. Saglab\u0101tas s\u012bkdatnes \u013cauj mums atpaz\u012bt J\u016bsu datoru. Atk\u0101rtoti apmekl\u0113jot SIA \u201cAltra moda\u201d m\u0101jas lapu un, izmantojot tikai ar paroli pieejamas m\u0101jas lapas sada\u013cas, s\u012bkdatnes \u013cauj izvair\u012bties no atk\u0101rtotas datu ievades.<\/li><\/ol><p style=\"font-weight: 400;\"><b><strong>\u041f\u043e\u0447\u0435\u043c\u0443\u00a0<\/strong><\/b><b><strong>SIA \u201cAltra moda\u201d<\/strong><\/b>\u00a0<b><strong>\u0438\u0441\u043f\u043e\u043b\u044c\u0437\u0443\u0435\u0442 \u0444\u0430\u0439\u043b\u044b cookie?<\/strong><\/b><\/p><ol style=\"font-weight: 400;\"><li>SIA \u201cAltra moda\u201d izmanto s\u012bkdatnes \u0161\u0101diem m\u0113r\u0137iem:<\/li><\/ol><ul><li style=\"font-weight: 400;\">\u0434\u043b\u044f \u0443\u043f\u0440\u0430\u0432\u043b\u0435\u043d\u0438\u044f \u0441\u0435\u0441\u0441\u0438\u044f\u043c\u0438 \u0438 \u0430\u0443\u0442\u0435\u043d\u0442\u0438\u0444\u0438\u043a\u0430\u0446\u0438\u0438 \u043f\u043e\u043b\u044c\u0437\u043e\u0432\u0430\u0442\u0435\u043b\u0435\u0439;<\/li><li style=\"font-weight: 400;\">\u0434\u043b\u044f \u043e\u0431\u0435\u0441\u043f\u0435\u0447\u0435\u043d\u0438\u044f \u0444\u0443\u043d\u043a\u0446\u0438\u043e\u043d\u0430\u043b\u044c\u043d\u043e\u0441\u0442\u0438 \u0434\u043e\u043c\u0430\u0448\u043d\u0435\u0439 \u0441\u0442\u0440\u0430\u043d\u0438\u0446\u044b;<\/li><li style=\"font-weight: 400;\">statistikas datu par lapas apmekl\u0113t\u0101ju pl\u016bsmu\u00a0ieg\u016b\u0161anai\u00a0\u2013 apmekl\u0113t\u0101ju skaitu, lap\u0101 pavad\u012bto laiku;<\/li><li style=\"font-weight: 400;\">\u0434\u043b\u044f \u0443\u043b\u0443\u0447\u0448\u0435\u043d\u0438\u044f \u044d\u0444\u0444\u0435\u043a\u0442\u0438\u0432\u043d\u043e\u0441\u0442\u0438 \u0440\u0430\u0431\u043e\u0442\u044b \u0438\u043d\u0442\u0435\u0440\u043d\u0435\u0442-\u043f\u043e\u0440\u0442\u0430\u043b\u0430.<\/li><\/ul><ol style=\"font-weight: 400;\"><li>S\u012bkdat\u0146u ietvaros veikt\u0101s personas datu apstr\u0101des tiesiskais pamats ir SIA \u201cAltra moda\u201d \u00a0le\u0123it\u012bm\u0101 interese.<\/li><li>SIA \u201cAltra moda\u201d neizmanto s\u012bkdatnes, lai veiktu lietot\u0101ju paradumu izseko\u0161anu, t\u0101p\u0113c SIA \u201cAltra moda\u201d inform\u0113 par s\u012bkdat\u0146u izmanto\u0161anu, bet neprasa J\u016bsu piekri\u0161anu s\u012bkdat\u0146u ievieto\u0161anai atbilsto\u0161i likuma pras\u012bb\u0101m.<\/li><li>SIA \u201cAltra moda\u201d nesaista lietot\u0101ja IP adresi un e-pasta adresi ar datiem, kas \u013cauj identific\u0113t \u0161o lietot\u0101ju. Tas noz\u012bm\u0113, ka katra lietot\u0101ja sesija tiks re\u0123istr\u0113ta, ta\u010du interneta vietnes montresorshop.com lietot\u0101js paliks anon\u012bms.<\/li><\/ol><p style=\"font-weight: 400;\"><b><strong>\u0424\u0430\u0439\u043b\u044b cookie \u0442\u0440\u0435\u0442\u044c\u0438\u0445 \u043b\u0438\u0446<\/strong><\/b><\/p><ol style=\"font-weight: 400;\"><li>SIA \u201cAltra moda\u201d m\u0101jas lap\u0101 var b\u016bt tre\u0161o personu s\u012bkdatnes, it \u012bpa\u0161i, Google Analytics. Google Analytics r\u012bku nodro\u0161ina Google Inc. (ASV uz\u0146\u0113mums), kuram ir piek\u013cuve \u0161\u012b r\u012bka v\u0101ktajiem statistikas datiem.<\/li><\/ol><p style=\"font-weight: 400;\"><b><strong>\u0423\u043f\u0440\u0430\u0432\u043b\u0435\u043d\u0438\u0435 \u0444\u0430\u0439\u043b\u0430\u043c\u0438 cookie<\/strong><\/b><\/p><ol style=\"font-weight: 400;\"><li>\u0421\u0443\u0431\u044a\u0435\u043a\u0442 \u043f\u0435\u0440\u0441\u043e\u043d\u0430\u043b\u044c\u043d\u044b\u0445 \u0434\u0430\u043d\u043d\u044b\u0445 \u043c\u043e\u0436\u0435\u0442 \u0443\u0434\u0430\u043b\u044f\u0442\u044c \u0444\u0430\u0439\u043b\u044b cookie \u043f\u043e \u0441\u0432\u043e\u0435\u043c\u0443 \u0443\u0441\u043c\u043e\u0442\u0440\u0435\u043d\u0438\u044e.<\/li><li>\u0412\u044b \u043c\u043e\u0436\u0435\u0442\u0435 \u0443\u0434\u0430\u043b\u0438\u0442\u044c \u0432\u0441\u0435 \u0444\u0430\u0439\u043b\u044b cookie, \u0443\u0436\u0435 \u0441\u043e\u0445\u0440\u0430\u043d\u0435\u043d\u043d\u044b\u0435 \u0432 \u0412\u0430\u0448\u0435\u043c \u043a\u043e\u043c\u043f\u044c\u044e\u0442\u0435\u0440\u0435, \u0438 \u043c\u043e\u0436\u0435\u0442\u0435 \u0443\u0441\u0442\u0430\u043d\u043e\u0432\u0438\u0442\u044c, \u0447\u0442\u043e\u0431\u044b \u0431\u0440\u0430\u0443\u0437\u0435\u0440 \u043d\u0435 \u043f\u043e\u0437\u0432\u043e\u043b\u044f\u043b \u0438\u0445 \u0441\u043e\u0445\u0440\u0430\u043d\u044f\u0442\u044c. \u041d\u043e \u0432 \u0442\u0430\u043a\u043e\u043c \u0441\u043b\u0443\u0447\u0430\u0435 \u0432\u0440\u0443\u0447\u043d\u0443\u044e \u043d\u0443\u0436\u043d\u043e \u0443\u043a\u0430\u0437\u044b\u0432\u0430\u0442\u044c \u0432\u044b\u0431\u043e\u0440 \u043a\u0430\u0436\u0434\u044b\u0439 \u0440\u0430\u0437, \u043a\u043e\u0433\u0434\u0430 \u043f\u043e\u0441\u0435\u0449\u0430\u0435\u0442\u0435 \u0432\u0435\u0431-\u0441\u0430\u0439\u0442, \u0438 \u043d\u0435\u043a\u043e\u0442\u043e\u0440\u044b\u0435 \u0443\u0441\u043b\u0443\u0433\u0438 \u0438 \u0444\u0443\u043d\u043a\u0446\u0438\u0438 \u0434\u043e\u043c\u0430\u0448\u043d\u0435\u0439 \u0441\u0442\u0440\u0430\u043d\u0438\u0446\u044b \u043c\u043e\u0433\u0443\u0442 \u043d\u0435 \u0440\u0430\u0431\u043e\u0442\u0430\u0442\u044c.<\/li><\/ol><p style=\"font-weight: 400;\"><b><strong>\u041f\u043e\u043b\u0443\u0447\u0430\u0442\u0435\u043b\u0438 \u043f\u0435\u0440\u0441\u043e\u043d\u0430\u043b\u044c\u043d\u044b\u0445 \u0434\u0430\u043d\u043d\u044b\u0445<\/strong><\/b><\/p><ol style=\"font-weight: 400;\"><li>Likum\u0101 noteiktos gad\u012bjumos SIA \u201cAltra moda\u201d var nodot inform\u0101ciju tre\u0161aj\u0101m person\u0101m. T\u0101pat SIA \u201cAltra moda\u201d var izmantot \u0101rpakalpojumus, lai nodro\u0161in\u0101tu efekt\u012bv\u0101ku savu funkciju\u00a0 veik\u0161anu.<\/li><li>SIA \u201cAltra moda\u201d interneta\u00a0 vietn\u0113\u00a0 montresorshop.com apkopotos un uzkr\u0101tos datus\u00a0 informat\u012bvos nol\u016bkos un statistikas veik\u0161anas nol\u016bkos ir ties\u012bga nodot ar\u012b citiem uz\u0146\u0113mumiem.\u00a0 <u>\u0414a\u043d\u043d\u044b\u0435, \u043f\u043e\u0437\u0432\u043e\u043b\u044f\u044e\u0449\u0438\u0435 \u0438\u0434\u0435\u043d\u0442\u0438\u0444\u0438\u0446\u0438\u0440\u043e\u0432\u0430\u0442\u044c \u043f\u0435\u0440\u0441\u043e\u043d\u0443, \u0432 \u0434\u0430\u043d\u043d\u043e\u043c \u043f\u0440\u043e\u0446\u0435\u0441\u0441\u0435 \u043d\u0435 \u0440\u0430\u0441\u043f\u0440\u043e\u0441\u0442\u0440\u0430\u043d\u044f\u044e\u0442\u0441\u044f \u0438 \u043d\u0435 \u043f\u0435\u0440\u0435\u0434\u0430\u044e\u0442\u0441\u044f \u0442\u0440\u0435\u0442\u044c\u0438\u043c \u043b\u0438\u0446\u0430\u043c.<\/u><\/li><li>\u041f\u0435\u0440\u0441\u043e\u043d\u0430\u043b\u044c\u043d\u044b\u0435 \u0434\u0430\u043d\u043d\u044b\u0435 \u043d\u0435 \u043f\u0435\u0440\u0435\u0434\u0430\u044e\u0442\u0441\u044f \u0432 \u0442\u0440\u0435\u0442\u044c\u0438 \u0441\u0442\u0440\u0430\u043d\u044b.<\/li><\/ol><p style=\"font-weight: 400;\"><b><strong>\u0414\u043e\u0441\u0442\u0443\u043f \u043a \u0441\u0432\u043e\u0438\u043c \u043f\u0435\u0440\u0441\u043e\u043d\u0430\u043b\u044c\u043d\u044b\u043c \u0434\u0430\u043d\u043d\u044b\u043c \u0438 \u0434\u0440\u0443\u0433\u0438\u0435 \u043f\u0440\u0430\u0432\u0430 \u0441\u0443\u0431\u044a\u0435\u043a\u0442\u0430 \u043f\u0435\u0440\u0441\u043e\u043d\u0430\u043b\u044c\u043d\u044b\u0445 \u0434\u0430\u043d\u043d\u044b\u0445<\/strong><\/b><\/p><ol style=\"font-weight: 400;\"><li>Lai sa\u0146emtu inform\u0101ciju par personas datiem, kurus SIA \u201cAltra moda\u201d par Jums apstr\u0101d\u0101, Jums ir j\u0101nos\u016bta rakstveida iesniegums uz SIA \u201cAltra moda\u201d juridisko adresi Dumbr\u0101ja iela 18 -17, R\u012bga, LV-1067;<\/li><li>\u0423 \u0441\u0443\u0431\u044a\u0435\u043a\u0442\u0430 \u043f\u0435\u0440\u0441\u043e\u043d\u0430\u043b\u044c\u043d\u044b\u0445 \u0434\u0430\u043d\u043d\u044b\u0445 \u0435\u0441\u0442\u044c \u043f\u0440\u0430\u0432\u043e \u0442\u0440\u0435\u0431\u043e\u0432\u0430\u0442\u044c \u0443\u0434\u0430\u043b\u0435\u043d\u0438\u0435 \u043f\u0435\u0440\u0441\u043e\u043d\u0430\u043b\u044c\u043d\u044b\u0445 \u0434\u0430\u043d\u043d\u044b\u0445, \u043e\u0433\u0440\u0430\u043d\u0438\u0447\u0435\u043d\u0438\u0435 \u043e\u0431\u0440\u0430\u0431\u043e\u0442\u043a\u0438 \u043f\u0435\u0440\u0441\u043e\u043d\u0430\u043b\u044c\u043d\u044b\u0445 \u0434\u0430\u043d\u043d\u044b\u0445, \u0432\u043e\u0437\u0440\u0430\u0437\u0438\u0442\u044c \u043f\u0440\u043e\u0442\u0438\u0432 \u043e\u0431\u0440\u0430\u0431\u043e\u0442\u043a\u0438 \u043f\u0435\u0440\u0441\u043e\u043d\u0430\u043b\u044c\u043d\u044b\u0445 \u0434\u0430\u043d\u043d\u044b\u0445, \u043f\u0440\u043e\u0441\u0438\u0442\u044c \u0438\u0441\u043f\u0440\u0430\u0432\u043b\u0435\u043d\u0438\u044f \u043f\u0435\u0440\u0441\u043e\u043d\u0430\u043b\u044c\u043d\u044b\u0445 \u0434\u0430\u043d\u043d\u044b\u0445 \u0432 \u0441\u043e\u043e\u0442\u0432\u0435\u0442\u0441\u0442\u0432\u0438\u0438 \u0441 \u043f\u0440\u0430\u0432\u0438\u043b\u0430\u043c\u0438 \u0420\u0435\u0433\u043b\u0430\u043c\u0435\u043d\u0442\u0430.<\/li><li>SIA \u201cAltra moda\u201d veic sazi\u0146u ar datu subjektu, izmantojot datu subjekta nor\u0101d\u012bto kontaktinform\u0101ciju (telefona numuru, e-pasta adresi, adresi).<\/li><\/ol><p style=\"font-weight: 400;\"><b><strong>\u041f\u0440\u0430\u0432\u043e \u043e\u0442\u043e\u0437\u0432\u0430\u0442\u044c \u0441\u043e\u0433\u043b\u0430\u0441\u0438\u0435<\/strong><\/b><\/p><ol style=\"font-weight: 400;\"><li>\u0415\u0441\u043b\u0438 \u043e\u0431\u0440\u0430\u0431\u043e\u0442\u043a\u0430 \u043f\u0435\u0440\u0441\u043e\u043d\u0430\u043b\u044c\u043d\u044b\u0445 \u0434\u0430\u043d\u043d\u044b\u0445 \u043d\u0430\u0447\u0430\u0442\u0430 \u0438 \u043f\u0440\u043e\u0438\u0441\u0445\u043e\u0434\u0438\u0442 \u0441 \u0441\u043e\u0433\u043b\u0430\u0441\u0438\u044f \u0441\u0443\u0431\u044a\u0435\u043a\u0442\u0430 \u043f\u0435\u0440\u0441\u043e\u043d\u0430\u043b\u044c\u043d\u044b\u0445 \u0434\u0430\u043d\u043d\u044b\u0445, \u0443 \u0441\u0443\u0431\u044a\u0435\u043a\u0442\u0430 \u043f\u0435\u0440\u0441\u043e\u043d\u0430\u043b\u044c\u043d\u044b\u0445 \u0434\u0430\u043d\u043d\u044b\u0445 \u0435\u0441\u0442\u044c \u043f\u0440\u0430\u0432\u043e \u0435\u0435 \u043e\u0442\u043e\u0437\u0432\u0430\u0442\u044c, \u043e\u0442\u043f\u0440\u0430\u0432\u0438\u0432 \u043e\u0442\u0437\u044b\u0432 \u043d\u0430 \u044d\u043b. \u043f\u043e\u0447\u0442\u0443:<\/li><li>\u041e\u0442\u0437\u044b\u0432 \u0441\u043e\u0433\u043b\u0430\u0441\u0438\u044f \u043d\u0435 \u0432\u043b\u0438\u044f\u0435\u0442 \u043d\u0430 \u043e\u0431\u0440\u0430\u0431\u043e\u0442\u043a\u0443 \u0434\u0430\u043d\u043d\u044b\u0445, \u043f\u0440\u043e\u0438\u0437\u0432\u0435\u0434\u0435\u043d\u043d\u0443\u044e \u0432 \u0442\u043e \u0432\u0440\u0435\u043c\u044f, \u043a\u043e\u0433\u0434\u0430 \u0441\u043e\u0433\u043b\u0430\u0441\u0438\u0435 \u041a\u043b\u0438\u0435\u043d\u0442\u0430 \u0431\u044b\u043b\u043e \u0432 \u0441\u0438\u043b\u0435. \u041e\u0442\u0437\u044b\u0432\u0430\u044f \u0441\u043e\u0433\u043b\u0430\u0441\u0438\u0435, \u043d\u0435 \u043c\u043e\u0436\u0435\u0442 \u0431\u044b\u0442\u044c \u043f\u0440\u0435\u0440\u0432\u0430\u043d\u0430 \u043e\u0431\u0440\u0430\u0431\u043e\u0442\u043a\u0430 \u0434\u0430\u043d\u043d\u044b\u0445, \u043a\u043e\u0442\u043e\u0440\u0430\u044f \u043f\u0440\u043e\u0438\u0437\u0432\u043e\u0434\u0438\u0442\u0441\u044f \u043d\u0430 \u043e\u0441\u043d\u043e\u0432\u0430\u043d\u0438\u0438 \u0434\u0440\u0443\u0433\u0438\u0445 \u043f\u0440\u0430\u0432\u043e\u0432\u044b\u0445 \u043e\u0441\u043d\u043e\u0432.<\/li><li>Lietot\u0101jam ir ties\u012bbas dz\u0113st savu profilu, par to ats\u016btot piepras\u012bjumu uz e-pastu:\u00a0 montresorshop.com@gmail.com. \u0160\u0101d\u0101 gad\u012bjum\u0101 piepras\u012bjums tiek pie\u0146emts tikai, ja tas nos\u016bt\u012bts no t\u0101 pa\u0161a e-pasta, uz kuru re\u0123istr\u0113ts lietot\u0101ja profils.<\/li><\/ol><p style=\"font-weight: 400;\"><b><strong>\u0418\u0437\u043c\u0435\u043d\u0435\u043d\u0438\u044f \u0432 \u041f\u043e\u043b\u0438\u0442\u0438\u043a\u0435 \u043a\u043e\u043d\u0444\u0438\u0434\u0435\u043d\u0446\u0438\u0430\u043b\u044c\u043d\u043e\u0441\u0442\u0438<\/strong><\/b><\/p><ol style=\"font-weight: 400;\"><li>SIA \u201cAltra moda\u201d ir ties\u012bbas jebkur\u0101 br\u012bd\u012b izdar\u012bt izmai\u0146as, kuras tiek public\u0113tas interneta vietn\u0113 montresorshop.com.<\/li><\/ol><p style=\"font-weight: 400;\">\u00a0<\/p>\t\t\t\t\t\t\t\t<\/div>\n\t\t\t\t<\/div>\n\t\t\t\t\t<\/div>\n\t\t<\/div>\n\t\t\t\t\t<\/div>\n\t\t<\/section>\n\t\t\t\t<\/div>","protected":false},"excerpt":{"rendered":"<p>SIA \u201cAltra moda\u201d (re\u0123istr\u0113ts Latvijas Republikas Uz\u0146\u0113mumu re\u0123istr\u0101, re\u0123.nr. LV440003537762) (turpm\u0101k \u2013 SIA \u201cAltra moda\u201d), ir P\u0101rzinis, kas izpilda Eiropas Savien\u012bbas Visp\u0101r\u012bg\u0101s&hellip;<\/p>","protected":false},"author":1,"featured_media":0,"parent":0,"menu_order":0,"comment_status":"closed","ping_status":"closed","template":"","meta":{"footnotes":""},"class_list":["post-11","page","type-page","status-publish","hentry"],"_links":{"self":[{"href":"https:\/\/montresorshop.com\/ru\/wp-json\/wp\/v2\/pages\/11","targetHints":{"allow":["GET"]}}],"collection":[{"href":"https:\/\/montresorshop.com\/ru\/wp-json\/wp\/v2\/pages"}],"about":[{"href":"https:\/\/montresorshop.com\/ru\/wp-json\/wp\/v2\/types\/page"}],"author":[{"embeddable":true,"href":"https:\/\/montresorshop.com\/ru\/wp-json\/wp\/v2\/users\/1"}],"replies":[{"embeddable":true,"href":"https:\/\/montresorshop.com\/ru\/wp-json\/wp\/v2\/comments?post=11"}],"version-history":[{"count":30,"href":"https:\/\/montresorshop.com\/ru\/wp-json\/wp\/v2\/pages\/11\/revisions"}],"predecessor-version":[{"id":14449,"href":"https:\/\/montresorshop.com\/ru\/wp-json\/wp\/v2\/pages\/11\/revisions\/14449"}],"wp:attachment":[{"href":"https:\/\/montresorshop.com\/ru\/wp-json\/wp\/v2\/media?parent=11"}],"curies":[{"name":"wp","href":"https:\/\/api.w.org\/{rel}","templated":true}]}}