{"id":1789,"date":"2021-09-21T13:12:26","date_gmt":"2021-09-21T10:12:26","guid":{"rendered":"https:\/\/parkofideas.com\/goldish\/demo1\/contacts-copy\/"},"modified":"2024-04-03T12:52:05","modified_gmt":"2024-04-03T10:52:05","slug":"shipping","status":"publish","type":"page","link":"https:\/\/montresorshop.com\/ru\/shipping\/","title":{"rendered":"\u0414\u043e\u0441\u0442\u0430\u0432\u043a\u0430"},"content":{"rendered":"<div data-elementor-type=\"wp-page\" data-elementor-id=\"1789\" class=\"elementor elementor-1789\">\n\t\t\t\t\t\t<section class=\"elementor-section elementor-top-section elementor-element elementor-element-11cc87a elementor-section-boxed elementor-section-height-default elementor-section-height-default\" data-id=\"11cc87a\" data-element_type=\"section\" data-e-type=\"section\">\n\t\t\t\t\t\t<div class=\"elementor-container elementor-column-gap-default\">\n\t\t\t\t\t<div class=\"elementor-column elementor-col-100 elementor-top-column elementor-element elementor-element-dc3ca67\" data-id=\"dc3ca67\" data-element_type=\"column\" data-e-type=\"column\">\n\t\t\t<div class=\"elementor-widget-wrap elementor-element-populated\">\n\t\t\t\t\t\t<div class=\"elementor-element elementor-element-b0f3148 elementor-widget elementor-widget-text-editor\" data-id=\"b0f3148\" data-element_type=\"widget\" data-e-type=\"widget\" data-widget_type=\"text-editor.default\">\n\t\t\t\t<div class=\"elementor-widget-container\">\n\t\t\t\t\t\t\t\t\t<h5 style=\"font-weight: 400;\"><strong>\u0423\u0441\u043b\u043e\u0432\u0438\u044f \u0434\u043e\u0441\u0442\u0430\u0432\u043a\u0438<\/strong><\/h5><ol><li><span style=\"font-weight: 400;\">\u0417\u0430\u043a\u0430\u0437 \u043f\u0440\u0438\u043d\u0438\u043c\u0430\u0435\u0442\u0441\u044f \u043d\u0430 \u043e\u0431\u0440\u0430\u0431\u043e\u0442\u043a\u0443 \u0442\u043e\u043b\u044c\u043a\u043e \u043f\u043e\u0441\u043b\u0435 \u043f\u043e\u043b\u0443\u0447\u0435\u043d\u0438\u044f \u043f\u043e\u043b\u043d\u043e\u0439 \u043e\u043f\u043b\u0430\u0442\u044b \u0437\u0430\u043a\u0430\u0437\u0430.<\/span><\/li><li><span style=\"font-weight: 400;\">\u041f\u043e\u0436\u0430\u043b\u0443\u0439\u0441\u0442\u0430, \u0443\u043a\u0430\u0436\u0438\u0442\u0435 \u043a\u0430\u043a \u043c\u043e\u0436\u043d\u043e \u0442\u043e\u0447\u043d\u0435\u0435 \u0430\u0434\u0440\u0435\u0441 \u0434\u043e\u0441\u0442\u0430\u0432\u043a\u0438 \u0432 \u043f\u043e\u043b\u044f\u0445, \u0443\u043a\u0430\u0437\u0430\u043d\u043d\u044b\u0445 \u0434\u043b\u044f \u044d\u0442\u043e\u0439 \u0446\u0435\u043b\u0438. \u041d\u0435 \u0437\u0430\u0431\u0443\u0434\u044c\u0442\u0435 \u0443\u043a\u0430\u0437\u0430\u0442\u044c \u0441\u0443\u0449\u0435\u0441\u0442\u0432\u0435\u043d\u043d\u0443\u044e \u0434\u043b\u044f \u043a\u0443\u0440\u044c\u0435\u0440\u0430 \u0438\u043d\u0444\u043e\u0440\u043c\u0430\u0446\u0438\u044e (\u043a\u043e\u0434 \u0434\u0432\u0435\u0440\u0438, \u043d\u043e\u043c\u0435\u0440 \u043e\u0444\u0438\u0441\u0430 \u0438 \u0442.\u043f.), \u0430 \u0442\u0430\u043a\u0436\u0435 \u043d\u043e\u043c\u0435\u0440 \u0442\u0435\u043b\u0435\u0444\u043e\u043d\u0430, \u043f\u043e \u043a\u043e\u0442\u043e\u0440\u043e\u043c\u0443 \u043a\u0443\u0440\u044c\u0435\u0440 \u043c\u043e\u0436\u043d\u0442 \u0441\u0432\u044f\u0437\u0430\u0442\u044c\u0441\u044f \u0441 \u043f\u043e\u043b\u0443\u0447\u0430\u0435\u0442\u0435\u043b\u0435\u043c \u043f\u043e\u0441\u044b\u043b\u043a\u0438. \u0418\u0437-\u0437\u0430 \u043d\u0435\u043f\u0440\u0430\u0432\u0438\u043b\u044c\u043d\u043e \u0443\u043a\u0430\u0437\u0430\u043d\u043d\u043e\u0439 \u0438\u043d\u0444\u043e\u0440\u043c\u0430\u0446\u0438\u0438 \u0441\u0440\u043e\u043a \u0434\u043e\u0441\u0442\u0430\u0432\u043a\u0438 \u043c\u043e\u0436\u0435\u0442 \u0431\u044b\u0442\u044c \u043f\u0440\u043e\u0434\u043b\u0435\u043d.<\/span><\/li><li><b>\u041f\u0440\u0438 \u043f\u043e\u043b\u0443\u0447\u0435\u043d\u0438\u0438 \u0442\u043e\u0432\u0430\u0440\u0430 \u043d\u0430 \u043f\u043e\u0447\u0442\u0435, \u0443 \u043a\u0443\u0440\u044c\u0435\u0440\u0430 , \u0432 \u043c\u0430\u0433\u0430\u0437\u0438\u043d\u0435 \u043d\u0435\u043e\u0431\u0445\u043e\u0434\u0438\u043c\u043e \u043f\u0440\u0435\u0434\u044a\u044f\u0432\u0438\u0442\u044c \u0434\u043e\u043a\u0443\u043c\u0435\u043d\u0442, \u0443\u0434\u043e\u0441\u0442\u043e\u0432\u0435\u0440\u044f\u044e\u0449\u0438\u0439 \u043b\u0438\u0447\u043d\u043e\u0441\u0442\u044c. \u0422\u043e\u0432\u0430\u0440 \u0431\u0443\u0434\u0435\u0442 \u043e\u0442\u0434\u0430\u043d \u0442\u043e\u043b\u044c\u043a\u043e \u0442\u043e\u043c\u0443 \u043b\u0438\u0446\u0443, \u043a\u0442\u043e \u043e\u0444\u043e\u0440\u043c\u0438\u043b \u0437\u0430\u043a\u0430\u0437, \u0438\u043b\u0438 \u043a\u043e\u0433\u043e \u0437\u0430\u043a\u0430\u0437\u0447\u0438\u043a \u0443\u043a\u0430\u0437\u0430\u043b \u0432 \u043a\u043e\u043c\u043c\u0435\u043d\u0442\u0430\u0440\u0438\u044f\u0445 \u043a \u0437\u0430\u043a\u0430\u0437\u0443.<\/b><\/li><li><span style=\"font-weight: 400;\">\u0415\u0441\u043b\u0438 \u043f\u0440\u0438 \u043e\u0444\u043e\u0440\u043c\u043b\u0435\u043d\u0438\u0438 \u0437\u0430\u043a\u0430\u0437\u0430 \u0432 \u0441\u043f\u0438\u0441\u043a\u0435 \u0441\u0442\u0440\u0430\u043d \u0412\u044b \u043d\u0435 \u043d\u0430\u0448\u043b\u0438 \u043d\u0443\u0436\u043d\u0443\u044e \u0441\u0442\u0440\u0430\u043d\u0443, \u043f\u043e\u0436\u0430\u043b\u0443\u0439\u0441\u0442\u0430, \u0441\u0432\u044f\u0436\u0438\u0442\u0435\u0441\u044c \u0441 \u043d\u0430\u043c\u0438 \u0438 \u043c\u044b \u043f\u0440\u0435\u0434\u043b\u043e\u0436\u0438\u043c \u0432\u0430\u0440\u0438\u0430\u043d\u0442\u044b \u0434\u043e\u0441\u0442\u0430\u0432\u043a\u0438.<\/span><\/li><li><span style=\"font-weight: 400;\">\u0412\u0441\u0435 \u0442\u0430\u043c\u043e\u0436\u0435\u043d\u043d\u044b\u0435 \u0441\u0431\u043e\u0440\u044b \u0438\u043b\u0438 \u0434\u0440\u0443\u0433\u0438\u0435 \u0440\u0430\u0441\u0445\u043e\u0434\u044b, \u0441\u0432\u044f\u0437\u0430\u043d\u043d\u044b\u0435 \u0441 \u0434\u043e\u0441\u0442\u0430\u0432\u043a\u043e\u0439 \u0442\u043e\u0432\u0430\u0440\u0430, \u043e\u043f\u043b\u0430\u0447\u0438\u0432\u0430\u0435\u0442 \u043a\u043b\u0438\u0435\u043d\u0442.<\/span><\/li><\/ol><h5 style=\"font-weight: 400;\"><strong>\u0421\u043f\u043e\u0441\u043e\u0431\u044b \u0434\u043e\u0441\u0442\u0430\u0432\u043a\u0438<\/strong>\u00a0<\/h5><p><span style=\"text-decoration: underline;\"><b>\u041f\u043e\u043b\u0443\u0447\u0435\u043d\u0438\u0435 \u0437\u0430\u043a\u0430\u0437\u0430 \u0432 \u043c\u0430\u0433\u0430\u0437\u0438\u043d\u0435<\/b><\/span><span style=\"font-weight: 400;\"> TC Domina Shopping, Ieri\u0137u iela 3<\/span><\/p><p><span style=\"color: var(--text-color-light); letter-spacing: 0.0125em; background-color: var(--background-color); font-family: var(--font-text);\">Pas\u016bt\u012bjumu var sa\u0146emt 2 &#8211; 4 darba dienu laik\u0101 no apmaksas sa\u0146em\u0161anas. <\/span><span style=\"background-color: var(--background-color); color: var(--text-color-light); font-family: var(--font-text); letter-spacing: 0.0125em;\">M\u0113s nos\u016bt\u012bsim Jums e-pastu ar inform\u0101ciju, kad pas\u016bt\u012bjums ir gatavs sa\u0146em\u0161anai.<\/span><\/p><p style=\"font-weight: 400;\"><b style=\"color: var(--text-color-light); letter-spacing: 0.0125em; background-color: var(--background-color); font-family: var(--font-text);\"><strong><u>\u041f\u0430\u043a\u043e\u043c\u0430\u0442\u044b Omniva<\/u><\/strong><\/b><\/p><table style=\"font-weight: 400;\" width=\"752\"><tbody><tr><td>\u041b\u0430\u0442\u0432\u0438\u044f<\/td><td>EUR 2,70*<\/td><td>Pieg\u0101de 2 &#8211; 4 darba dienu laik\u0101<\/td><\/tr><tr><td>\u041b\u0438\u0442\u0432\u0430, \u042d\u0441\u0442\u043e\u043d\u0438\u044f<\/td><td>EUR 6,50<\/td><td>Pieg\u0101de 2 &#8211; 4 darba dienu laik\u0101<\/td><\/tr><\/tbody><\/table><p style=\"letter-spacing: 0.2px;\"><span style=\"font-weight: 600; letter-spacing: 0.2px;\">*\u0411\u0435\u0441\u043f\u043b\u0430\u0442\u043d\u0430\u044f \u0434\u043e\u0441\u0442\u0430\u0432\u043a\u0430 \u043f\u043e \u041b\u0430\u0442\u0432\u0438\u0438 \u043d\u0430 \u043f\u043e\u043a\u0443\u043f\u043a\u0438 \u0441\u0432\u044b\u0448\u0435 80 EUR.<\/span><span style=\"font-weight: 600; color: var(--text-color-light); letter-spacing: 0.0125em; background-color: var(--background-color); font-family: var(--font-text);\"><u><br \/><\/u><\/span><\/p><p style=\"letter-spacing: 0.2px;\"><span style=\"font-weight: 600; color: var(--text-color-light); letter-spacing: 0.0125em; background-color: var(--background-color); font-family: var(--font-text);\"><u>\u041a\u0443\u0440\u044c\u0435\u0440 DPD<\/u><\/span><\/p><table style=\"border-right: 1px solid var(--text-color-extra-light); border-bottom: 1px solid var(--text-color-extra-light); width: 630px; letter-spacing: 0.2px;\"><tbody><tr><td style=\"border-left: 1px solid var(--text-color-extra-light); border-top: 1px solid var(--text-color-extra-light);\">\u041b\u0430\u0442\u0432\u0438\u044f<\/td><td style=\"border-left: 1px solid var(--text-color-extra-light); border-top: 1px solid var(--text-color-extra-light);\">EUR 5,50<\/td><td style=\"border-left: 1px solid var(--text-color-extra-light); border-top: 1px solid var(--text-color-extra-light);\">Pieg\u0101de 2 &#8211; 4 darba dienu laik\u0101<\/td><\/tr><tr><td style=\"border-left: 1px solid var(--text-color-extra-light); border-top: 1px solid var(--text-color-extra-light);\">\u041b\u0438\u0442\u0432\u0430, \u042d\u0441\u0442\u043e\u043d\u0438\u044f<\/td><td style=\"border-left: 1px solid var(--text-color-extra-light); border-top: 1px solid var(--text-color-extra-light);\">EUR 6,70<\/td><td style=\"border-left: 1px solid var(--text-color-extra-light); border-top: 1px solid var(--text-color-extra-light);\"><p>Pieg\u0101de 2 &#8211; 4 darba dienu laik\u0101<\/p><\/td><\/tr><\/tbody><\/table><p style=\"font-weight: 400;\"><u style=\"color: var(--text-color-light); font-family: var(--font-text); font-weight: 600; letter-spacing: 0.0125em;\">\u041f\u0430\u043a\u043e\u043c\u0430\u0442\u044b DPD<\/u><\/p><table style=\"border-right: 1px solid var(--text-color-extra-light); border-bottom: 1px solid var(--text-color-extra-light); width: 630px; letter-spacing: 0.2px;\" width=\"752\"><tbody><tr><td style=\"border-left: 1px solid var(--text-color-extra-light); border-top: 1px solid var(--text-color-extra-light);\">\u041b\u0430\u0442\u0432\u0438\u044f<\/td><td style=\"border-left: 1px solid var(--text-color-extra-light); border-top: 1px solid var(--text-color-extra-light);\">EUR 3,00*<\/td><td style=\"border-left: 1px solid var(--text-color-extra-light); border-top: 1px solid var(--text-color-extra-light);\">Pieg\u0101de 2 &#8211; 4 darba dienu laik\u0101<\/td><\/tr><tr><td style=\"border-left: 1px solid var(--text-color-extra-light); border-top: 1px solid var(--text-color-extra-light);\">\u041b\u0438\u0442\u0432\u0430, \u042d\u0441\u0442\u043e\u043d\u0438\u044f<\/td><td style=\"border-left: 1px solid var(--text-color-extra-light); border-top: 1px solid var(--text-color-extra-light);\">EUR 5,50<\/td><td style=\"border-left: 1px solid var(--text-color-extra-light); border-top: 1px solid var(--text-color-extra-light);\">Pieg\u0101de 2 &#8211; 4 darba dienu laik\u0101<\/td><\/tr><\/tbody><\/table><p style=\"font-weight: 400;\"><span style=\"font-weight: 600; letter-spacing: 0.2px;\">*\u0411\u0435\u0441\u043f\u043b\u0430\u0442\u043d\u0430\u044f \u0434\u043e\u0441\u0442\u0430\u0432\u043a\u0430 \u043f\u043e \u041b\u0430\u0442\u0432\u0438\u0438 \u043d\u0430 \u043f\u043e\u043a\u0443\u043f\u043a\u0438 \u0441\u0432\u044b\u0448\u0435 80 EUR.<\/span><\/p><p style=\"font-weight: 400;\">\u0412\u0435\u0441 \u043f\u043e\u0441\u044b\u043b\u043a\u0438 \u043d\u0435 \u043f\u0440\u0435\u0432\u044b\u0448\u0430\u0435\u0442 500 \u0433\u0440, \u0440\u0430\u0437\u043c\u0435\u0440\u044b - 7\u044535\u044560\u0441\u043c<\/p><p style=\"font-weight: 400;\">\u0415\u0441\u043b\u0438 \u0440\u0430\u0437\u043c\u0435\u0440\u044b \u0438 \u0432\u0435\u0441 \u043f\u043e\u0441\u044b\u043b\u043a\u0438 \u043f\u0440\u0435\u0432\u044b\u0441\u0438\u0442 \u0443\u043a\u0430\u0437\u0430\u043d\u043d\u044b\u0439, \u0446\u0435\u043d\u0430 \u0434\u043e\u0441\u0442\u0430\u0432\u043a\u0438 \u043c\u043e\u0436\u0435\u0442 \u043e\u0442\u043b\u0438\u0447\u0430\u0442\u044c\u0441\u044f \u043e\u0442 \u0441\u0442\u0430\u043d\u0434\u0430\u0440\u0442\u043d\u043e\u0439.<\/p><p style=\"font-weight: 400;\">\u0412 \u044d\u0442\u043e\u043c \u0441\u043b\u0443\u0447\u0430\u0435 \u043c\u044b \u0441\u0432\u044f\u0436\u0435\u043c\u0441\u044f \u0441 \u0412\u0430\u043c\u0438 \u043e\u0442\u0434\u0435\u043b\u044c\u043d\u043e, \u0447\u0442\u043e\u0431\u044b \u0441\u043e\u0433\u043b\u0430\u0441\u043e\u0432\u0430\u0442\u044c \u0438\u0437\u043c\u0435\u043d\u0435\u043d\u0438\u0435 \u0441\u0442\u043e\u0438\u043c\u043e\u0441\u0442\u0438 \u0434\u043e\u0441\u0442\u0430\u0432\u043a\u0438.<\/p><p style=\"font-weight: 400;\">\u00a0<\/p>\t\t\t\t\t\t\t\t<\/div>\n\t\t\t\t<\/div>\n\t\t\t\t\t<\/div>\n\t\t<\/div>\n\t\t\t\t\t<\/div>\n\t\t<\/section>\n\t\t\t\t<\/div>","protected":false},"excerpt":{"rendered":"<p>Pieg\u0101des noteikumi Pas\u016bt\u012bjumi tiek pie\u0146emti apstr\u0101dei tikai p\u0113c to pilnas apmaksas. L\u016bdzam iesp\u0113jami prec\u012bzi nor\u0101d\u012bt pieg\u0101des adresi \u0161im nol\u016bkam nor\u0101d\u012btajos laukos. Neaizmirstiet&hellip;<\/p>","protected":false},"author":1,"featured_media":0,"parent":0,"menu_order":0,"comment_status":"closed","ping_status":"closed","template":"elementor_theme","meta":{"footnotes":""},"class_list":["post-1789","page","type-page","status-publish","hentry"],"_links":{"self":[{"href":"https:\/\/montresorshop.com\/ru\/wp-json\/wp\/v2\/pages\/1789","targetHints":{"allow":["GET"]}}],"collection":[{"href":"https:\/\/montresorshop.com\/ru\/wp-json\/wp\/v2\/pages"}],"about":[{"href":"https:\/\/montresorshop.com\/ru\/wp-json\/wp\/v2\/types\/page"}],"author":[{"embeddable":true,"href":"https:\/\/montresorshop.com\/ru\/wp-json\/wp\/v2\/users\/1"}],"replies":[{"embeddable":true,"href":"https:\/\/montresorshop.com\/ru\/wp-json\/wp\/v2\/comments?post=1789"}],"version-history":[{"count":28,"href":"https:\/\/montresorshop.com\/ru\/wp-json\/wp\/v2\/pages\/1789\/revisions"}],"predecessor-version":[{"id":10700,"href":"https:\/\/montresorshop.com\/ru\/wp-json\/wp\/v2\/pages\/1789\/revisions\/10700"}],"wp:attachment":[{"href":"https:\/\/montresorshop.com\/ru\/wp-json\/wp\/v2\/media?parent=1789"}],"curies":[{"name":"wp","href":"https:\/\/api.w.org\/{rel}","templated":true}]}}