{"id":216,"date":"2021-09-15T19:58:22","date_gmt":"2021-09-15T16:58:22","guid":{"rendered":"https:\/\/parkofideas.com\/goldish\/demo1\/?page_id=216"},"modified":"2026-03-12T12:51:49","modified_gmt":"2026-03-12T10:51:49","slug":"contacts","status":"publish","type":"page","link":"https:\/\/montresorshop.com\/ru\/contacts\/","title":{"rendered":"\u041a\u043e\u043d\u0442\u0430\u043a\u0442\u044b"},"content":{"rendered":"<div data-elementor-type=\"wp-page\" data-elementor-id=\"216\" class=\"elementor elementor-216\">\n\t\t\t\t\t\t<section class=\"elementor-section elementor-top-section elementor-element elementor-element-58f78f2 elementor-section-full_width elementor-section-height-default elementor-section-height-default\" data-id=\"58f78f2\" data-element_type=\"section\" data-e-type=\"section\">\n\t\t\t\t\t\t<div class=\"elementor-container elementor-column-gap-default\">\n\t\t\t\t\t<div class=\"elementor-column elementor-col-100 elementor-top-column elementor-element elementor-element-2cd606f\" data-id=\"2cd606f\" data-element_type=\"column\" data-e-type=\"column\">\n\t\t\t<div class=\"elementor-widget-wrap elementor-element-populated\">\n\t\t\t\t\t\t<div class=\"elementor-element elementor-element-18ef02d elementor-widget elementor-widget-ideapark-page-header\" data-id=\"18ef02d\" data-element_type=\"widget\" data-e-type=\"widget\" data-widget_type=\"ideapark-page-header.default\">\n\t\t\t\t<div class=\"elementor-widget-container\">\n\t\t\t\t\t<header class=\"l-section c-page-header\"><h1 class=\"c-page-header__title\">\u041a\u043e\u043d\u0442\u0430\u043a\u0442\u044b<\/h1><\/header>\t\t\t\t<\/div>\n\t\t\t\t<\/div>\n\t\t\t\t\t<\/div>\n\t\t<\/div>\n\t\t\t\t\t<\/div>\n\t\t<\/section>\n\t\t\t\t<section class=\"elementor-section elementor-top-section elementor-element elementor-element-109e252 elementor-section-full_width elementor-section-height-min-height elementor-section-height-default elementor-section-items-middle\" data-id=\"109e252\" data-element_type=\"section\" data-e-type=\"section\">\n\t\t\t\t\t\t<div class=\"elementor-container elementor-column-gap-default\">\n\t\t\t\t\t<div class=\"elementor-column elementor-col-100 elementor-top-column elementor-element elementor-element-cfa23b0\" data-id=\"cfa23b0\" data-element_type=\"column\" data-e-type=\"column\">\n\t\t\t<div class=\"elementor-widget-wrap elementor-element-populated\">\n\t\t\t\t\t\t<div class=\"elementor-element elementor-element-e3f467c elementor-widget elementor-widget-google_maps\" data-id=\"e3f467c\" data-element_type=\"widget\" data-e-type=\"widget\" data-widget_type=\"google_maps.default\">\n\t\t\t\t<div class=\"elementor-widget-container\">\n\t\t\t\t\t\t\t<div class=\"elementor-custom-embed\">\n\t\t\t<iframe loading=\"lazy\"\n\t\t\t\t\tsrc=\"https:\/\/maps.google.com\/maps?q=Domina%20Shopping%2C%20Ieri%C4%B7u%20iela%2C%20Vidzeme%20Suburb%2C%20Riga%2C%20Riga%2C%20Latvia&#038;t=m&#038;z=12&#038;output=embed&#038;iwloc=near\"\n\t\t\t\t\ttitle=\"Domina Shopping, Ieri\u0137u iela, Vidzeme Suburb, Riga, Riga, Latvia\"\n\t\t\t\t\taria-label=\"Domina Shopping, Ieri\u0137u iela, Vidzeme Suburb, Riga, Riga, Latvia\"\n\t\t\t><\/iframe>\n\t\t<\/div>\n\t\t\t\t\t\t<\/div>\n\t\t\t\t<\/div>\n\t\t\t\t<section class=\"elementor-section elementor-inner-section elementor-element elementor-element-91d7521 elementor-section-boxed elementor-section-height-default elementor-section-height-default\" data-id=\"91d7521\" data-element_type=\"section\" data-e-type=\"section\">\n\t\t\t\t\t\t<div class=\"elementor-container elementor-column-gap-no\">\n\t\t\t\t\t<div class=\"elementor-column elementor-col-100 elementor-inner-column elementor-element elementor-element-5793eca\" data-id=\"5793eca\" data-element_type=\"column\" data-e-type=\"column\">\n\t\t\t<div class=\"elementor-widget-wrap elementor-element-populated\">\n\t\t\t\t\t\t<div class=\"elementor-element elementor-element-5952ad3 elementor-widget elementor-widget-ideapark-heading\" data-id=\"5952ad3\" data-element_type=\"widget\" data-e-type=\"widget\" data-widget_type=\"ideapark-heading.default\">\n\t\t\t\t<div class=\"elementor-widget-container\">\n\t\t\t\t\t<div class=\"c-ip-heading c-ip-heading--large c-ip-heading--left c-ip-heading--bullet-hide\"><div class=\"c-ip-heading__inner\">Veikala adrese<\/div><\/div>\t\t\t\t<\/div>\n\t\t\t\t<\/div>\n\t\t\t\t<div class=\"elementor-element elementor-element-766ce75 elementor-icon-list--layout-traditional elementor-list-item-link-full_width elementor-widget elementor-widget-icon-list\" data-id=\"766ce75\" data-element_type=\"widget\" data-e-type=\"widget\" data-widget_type=\"icon-list.default\">\n\t\t\t\t<div class=\"elementor-widget-container\">\n\t\t\t\t\t\t\t<ul class=\"elementor-icon-list-items\">\n\t\t\t\t\t\t\t<li class=\"elementor-icon-list-item\">\n\t\t\t\t\t\t\t\t\t\t\t<a href=\"tel:+37129635171\">\n\n\t\t\t\t\t\t\t\t\t\t\t\t<span class=\"elementor-icon-list-icon\">\n\t\t\t\t\t\t\t<i aria-hidden=\"true\" class=\"fibd21- fi-bd21-phone\"><\/i>\t\t\t\t\t\t<\/span>\n\t\t\t\t\t\t\t\t\t\t<span class=\"elementor-icon-list-text\">+371 27039154<\/span>\n\t\t\t\t\t\t\t\t\t\t\t<\/a>\n\t\t\t\t\t\t\t\t\t<\/li>\n\t\t\t\t\t\t<\/ul>\n\t\t\t\t\t\t<\/div>\n\t\t\t\t<\/div>\n\t\t\t\t<div class=\"elementor-element elementor-element-c0b5aba elementor-widget__width-initial elementor-icon-list--layout-traditional elementor-list-item-link-full_width elementor-widget elementor-widget-icon-list\" data-id=\"c0b5aba\" data-element_type=\"widget\" data-e-type=\"widget\" data-widget_type=\"icon-list.default\">\n\t\t\t\t<div class=\"elementor-widget-container\">\n\t\t\t\t\t\t\t<ul class=\"elementor-icon-list-items\">\n\t\t\t\t\t\t\t<li class=\"elementor-icon-list-item\">\n\t\t\t\t\t\t\t\t\t\t\t<span class=\"elementor-icon-list-icon\">\n\t\t\t\t\t\t\t<i aria-hidden=\"true\" class=\"fibd21- fi-bd21-map-pin\"><\/i>\t\t\t\t\t\t<\/span>\n\t\t\t\t\t\t\t\t\t\t<span class=\"elementor-icon-list-text\">TC Domina Shopping, \u0443\u043b. \u0418\u0435\u0440\u0438\u043a\u044e 3, \u0420\u0438\u0433\u0430<\/span>\n\t\t\t\t\t\t\t\t\t<\/li>\n\t\t\t\t\t\t<\/ul>\n\t\t\t\t\t\t<\/div>\n\t\t\t\t<\/div>\n\t\t\t\t<div class=\"elementor-element elementor-element-03d9807 elementor-widget__width-initial elementor-widget elementor-widget-ideapark-heading\" data-id=\"03d9807\" data-element_type=\"widget\" data-e-type=\"widget\" data-widget_type=\"ideapark-heading.default\">\n\t\t\t\t<div class=\"elementor-widget-container\">\n\t\t\t\t\t<div class=\"c-ip-heading c-ip-heading--large c-ip-heading--left c-ip-heading--bullet-hide\"><div class=\"c-ip-heading__inner\">E-mail<\/div><\/div>\t\t\t\t<\/div>\n\t\t\t\t<\/div>\n\t\t\t\t<div class=\"elementor-element elementor-element-868d3cb elementor-icon-list--layout-traditional elementor-list-item-link-full_width elementor-widget elementor-widget-icon-list\" data-id=\"868d3cb\" data-element_type=\"widget\" data-e-type=\"widget\" data-widget_type=\"icon-list.default\">\n\t\t\t\t<div class=\"elementor-widget-container\">\n\t\t\t\t\t\t\t<ul class=\"elementor-icon-list-items\">\n\t\t\t\t\t\t\t<li class=\"elementor-icon-list-item\">\n\t\t\t\t\t\t\t\t\t\t\t<a href=\"mailto:montresorshop.com@gmail.com\">\n\n\t\t\t\t\t\t\t\t\t\t\t\t<span class=\"elementor-icon-list-icon\">\n\t\t\t\t\t\t\t<i aria-hidden=\"true\" class=\"fibd21- fi-bd21-email\"><\/i>\t\t\t\t\t\t<\/span>\n\t\t\t\t\t\t\t\t\t\t<span class=\"elementor-icon-list-text\">montresorshop.com@gmail.com<\/span>\n\t\t\t\t\t\t\t\t\t\t\t<\/a>\n\t\t\t\t\t\t\t\t\t<\/li>\n\t\t\t\t\t\t<\/ul>\n\t\t\t\t\t\t<\/div>\n\t\t\t\t<\/div>\n\t\t\t\t<div class=\"elementor-element elementor-element-e3ca417 elementor-widget elementor-widget-ideapark-heading\" data-id=\"e3ca417\" data-element_type=\"widget\" data-e-type=\"widget\" data-widget_type=\"ideapark-heading.default\">\n\t\t\t\t<div class=\"elementor-widget-container\">\n\t\t\t\t\t<div class=\"c-ip-heading c-ip-heading--large c-ip-heading--left c-ip-heading--bullet-hide\"><div class=\"c-ip-heading__inner\">\u0420\u0430\u0431\u043e\u0447\u0435\u0435 \u0432\u0440\u0435\u043c\u044f \u043e\u0444\u0438\u0441\u0430<\/div><\/div>\t\t\t\t<\/div>\n\t\t\t\t<\/div>\n\t\t\t\t<div class=\"elementor-element elementor-element-8088f74 elementor-icon-list--layout-traditional elementor-list-item-link-full_width elementor-widget elementor-widget-icon-list\" data-id=\"8088f74\" data-element_type=\"widget\" data-e-type=\"widget\" data-widget_type=\"icon-list.default\">\n\t\t\t\t<div class=\"elementor-widget-container\">\n\t\t\t\t\t\t\t<ul class=\"elementor-icon-list-items\">\n\t\t\t\t\t\t\t<li class=\"elementor-icon-list-item\">\n\t\t\t\t\t\t\t\t\t\t\t<span class=\"elementor-icon-list-icon\">\n\t\t\t\t\t\t\t<i aria-hidden=\"true\" class=\"fibd21- fi-bd21-time\"><\/i>\t\t\t\t\t\t<\/span>\n\t\t\t\t\t\t\t\t\t\t<span class=\"elementor-icon-list-text\">\u041f\u043d - \u041f\u0442: 09:00 - 17:00<\/span>\n\t\t\t\t\t\t\t\t\t<\/li>\n\t\t\t\t\t\t<\/ul>\n\t\t\t\t\t\t<\/div>\n\t\t\t\t<\/div>\n\t\t\t\t<div class=\"elementor-element elementor-element-b6bf2ec elementor-widget elementor-widget-ideapark-heading\" data-id=\"b6bf2ec\" data-element_type=\"widget\" data-e-type=\"widget\" data-widget_type=\"ideapark-heading.default\">\n\t\t\t\t<div class=\"elementor-widget-container\">\n\t\t\t\t\t<div class=\"c-ip-heading c-ip-heading--large c-ip-heading--left c-ip-heading--bullet-hide\"><div class=\"c-ip-heading__inner\">\u0421\u043b\u0435\u0434\u0438 \u0437\u0430 \u043d\u0430\u043c\u0438<\/div><\/div>\t\t\t\t<\/div>\n\t\t\t\t<\/div>\n\t\t\t\t<div class=\"elementor-element elementor-element-314e81a elementor-widget elementor-widget-ideapark-social\" data-id=\"314e81a\" data-element_type=\"widget\" data-e-type=\"widget\" data-widget_type=\"ideapark-social.default\">\n\t\t\t\t<div class=\"elementor-widget-container\">\n\t\t\t\t\t<div class=\"c-ip-social\">\t\t\t\t<a href=\"https:\/\/www.facebook.com\/montresorshoplatvia\" class=\"c-ip-social__link c-ip-social__link--outline\"><i\n\t\t\t\t\t\tclass=\"ip-o-facebook c-ip-social__icon c-ip-social__icon--facebook\">\n\t\t\t\t\t\t<!-- --><\/i><\/a>\n\t\t\t\t\t\t\t<a href=\"https:\/\/www.instagram.com\/montresorshop\/\" class=\"c-ip-social__link c-ip-social__link--outline\"><i\n\t\t\t\t\t\tclass=\"ip-o-instagram c-ip-social__icon c-ip-social__icon--instagram\">\n\t\t\t\t\t\t<!-- --><\/i><\/a>\n\t\t\t\t\t\t\t<a href=\"https:\/\/www.tiktok.com\/@montresorshop\" class=\"c-ip-social__link c-ip-social__link--outline\"><i\n\t\t\t\t\t\tclass=\"ip-o-tiktok c-ip-social__icon c-ip-social__icon--tiktok\">\n\t\t\t\t\t\t<!-- --><\/i><\/a>\n\t\t\t<\/div>\t\t\t\t<\/div>\n\t\t\t\t<\/div>\n\t\t\t\t\t<\/div>\n\t\t<\/div>\n\t\t\t\t\t<\/div>\n\t\t<\/section>\n\t\t\t\t\t<\/div>\n\t\t<\/div>\n\t\t\t\t\t<\/div>\n\t\t<\/section>\n\t\t\t\t<\/div>","protected":false},"excerpt":{"rendered":"<p>Kontaktinform\u0101cija Veikala adrese +371 27039154 TC Domina Shopping, Ieri\u0137u iela 3, R\u012bga E-pasts montresorshop.com@gmail.com Biroja darba laiks P &#8211; Pk: 09:00 &#8211;&hellip;<\/p>","protected":false},"author":1,"featured_media":0,"parent":0,"menu_order":0,"comment_status":"closed","ping_status":"closed","template":"elementor_header_footer","meta":{"footnotes":""},"class_list":["post-216","page","type-page","status-publish","hentry"],"_links":{"self":[{"href":"https:\/\/montresorshop.com\/ru\/wp-json\/wp\/v2\/pages\/216","targetHints":{"allow":["GET"]}}],"collection":[{"href":"https:\/\/montresorshop.com\/ru\/wp-json\/wp\/v2\/pages"}],"about":[{"href":"https:\/\/montresorshop.com\/ru\/wp-json\/wp\/v2\/types\/page"}],"author":[{"embeddable":true,"href":"https:\/\/montresorshop.com\/ru\/wp-json\/wp\/v2\/users\/1"}],"replies":[{"embeddable":true,"href":"https:\/\/montresorshop.com\/ru\/wp-json\/wp\/v2\/comments?post=216"}],"version-history":[{"count":61,"href":"https:\/\/montresorshop.com\/ru\/wp-json\/wp\/v2\/pages\/216\/revisions"}],"predecessor-version":[{"id":14906,"href":"https:\/\/montresorshop.com\/ru\/wp-json\/wp\/v2\/pages\/216\/revisions\/14906"}],"wp:attachment":[{"href":"https:\/\/montresorshop.com\/ru\/wp-json\/wp\/v2\/media?parent=216"}],"curies":[{"name":"wp","href":"https:\/\/api.w.org\/{rel}","templated":true}]}}