{"id":3509,"date":"2021-03-23T15:23:06","date_gmt":"2021-03-23T15:23:06","guid":{"rendered":"https:\/\/parkofideas.com\/goldish\/demo1\/?page_id=3"},"modified":"2025-12-05T14:54:31","modified_gmt":"2025-12-05T12:54:31","slug":"terms","status":"publish","type":"page","link":"https:\/\/montresorshop.com\/ru\/terms\/","title":{"rendered":"\u041f\u0440\u0430\u0432\u0438\u043b\u0430 \u043f\u043e\u043b\u044c\u0437\u043e\u0432\u0430\u043d\u0438\u044f \u0438 \u0432\u043e\u0437\u0432\u0440\u0430\u0442 \u0442\u043e\u0432\u0430\u0440\u0430"},"content":{"rendered":"<div data-elementor-type=\"wp-page\" data-elementor-id=\"3509\" class=\"elementor elementor-3509\">\n\t\t\t\t\t\t<section class=\"elementor-section elementor-top-section elementor-element elementor-element-ee8eb35 elementor-section-boxed elementor-section-height-default elementor-section-height-default\" data-id=\"ee8eb35\" data-element_type=\"section\" data-e-type=\"section\">\n\t\t\t\t\t\t<div class=\"elementor-container elementor-column-gap-default\">\n\t\t\t\t\t<div class=\"elementor-column elementor-col-100 elementor-top-column elementor-element elementor-element-c7507c8\" data-id=\"c7507c8\" data-element_type=\"column\" data-e-type=\"column\">\n\t\t\t<div class=\"elementor-widget-wrap elementor-element-populated\">\n\t\t\t\t\t\t<div class=\"elementor-element elementor-element-6747579f elementor-widget elementor-widget-text-editor\" data-id=\"6747579f\" data-element_type=\"widget\" data-e-type=\"widget\" data-widget_type=\"text-editor.default\">\n\t\t\t\t<div class=\"elementor-widget-container\">\n\t\t\t\t\t\t\t\t\t<ol><li style=\"list-style-type: none;\"><ol><li style=\"font-weight: 400;\">Pirms s\u0101kt lietot interneta vietni montresorshop.com(SIA &#8220;Altra moda&#8221;, re\u0123istr\u0101cijas Nr. LV40003537762), l\u016bdzam r\u016bp\u012bgi izlas\u012bt \u0161os interneta vietnes montresorshop.com lieto\u0161anas noteikumus (turpm\u0101k \u2013 noteikumi).<\/li><li style=\"font-weight: 400;\">Apmekl\u0113jot interneta vietni\u00a0montresorshop.com vai izmantojot taj\u0101 izvietoto inform\u0101ciju par prec\u0113m un pakalpojumu snieg\u0161anu, J\u016bs personiski vai J\u016bsu p\u0101rst\u0101v\u0113t\u0101 persona, ja darbojaties t\u0101s v\u0101rd\u0101, piekr\u012bt \u0161iem noteikumiem.<\/li><li style=\"font-weight: 400;\">Gad\u012bjum\u0101, ja nepiekr\u012btat \u0161iem noteikumiem, l\u016bdzam neapmekl\u0113t un nelietot interneta vietni\u00a0montresorshop.com, k\u0101 ar\u012b neizmantot taj\u0101 pied\u0101v\u0101tos pakalpojumus un ietverto inform\u0101ciju.<\/li><li style=\"font-weight: 400;\">Inform\u0113jam, ka interneta vietn\u0113\u00a0montresorshop.com ievad\u012bt\u0101s inform\u0101cijas (tai skait\u0101 fizisko personu datu) apstr\u0101des m\u0113r\u0137is ir taj\u0101 nor\u0101d\u012bto pakalpojumu snieg\u0161ana un pal\u012bdz\u012bbas snieg\u0161ana interneta vietnes\u00a0montresorshop.com\u00a0lieto\u0161anas laik\u0101.<\/li><li style=\"font-weight: 400;\">SIA &#8220;Altra moda&#8221; ir ties\u012bbas jebkur\u0101 br\u012bd\u012b vienpus\u0113ji main\u012bt interneta vietnes montresorshop.com saturu un lieto\u0161anas noteikumus. \u0160\u0101das izmai\u0146as st\u0101jas sp\u0113k\u0101 p\u0113c to public\u0113\u0161anas interneta vietn\u0113 montresorshop.com.<\/li><li style=\"font-weight: 400;\">Ar br\u012bdi, kad s\u0101kat lietot interneta vietni\u00a0montresorshop.com vai min\u0113taj\u0101 vietn\u0113 veicat jebk\u0101das aktivit\u0101tes, tiks uzskat\u0101ms, ka esat iepazinies ar lieto\u0161anas br\u012bd\u012b sp\u0113k\u0101 eso\u0161ajiem noteikumiem un iev\u0113rosiet tos. Katram interneta vietnes lietot\u0101jam ir pien\u0101kums regul\u0101ri p\u0101rlas\u012bt noteikumus, lai savlaic\u012bgi b\u016btu lietas kurs\u0101 par tajos veiktaj\u0101m izmai\u0146\u0101m.\u00a0Ja nepiekr\u012btat noteikumiem, tad aizliegts lietot interneta vietni.<\/li><li style=\"font-weight: 400;\">Interneta vietnes montresorshop.com lietot\u0101jiem ir ties\u012bbas izmantot taj\u0101 pied\u0101v\u0101t\u0101s iesp\u0113jas un pakalpojumus par cenu, k\u0101da ir sp\u0113k\u0101 attiec\u012bg\u0101 pakalpojuma pied\u0101v\u0101\u0161anas br\u012bd\u012b. SIA &#8220;Altra moda&#8221; ir ties\u012bbas jebkur\u0101 br\u012bd\u012b p\u0113c saviem ieskatiem main\u012bt interneta vietn\u0113 montresorshop.com nor\u0101d\u012bt\u0101s cenas un\/vai izveidot jaunus maksas pakalpojumus. Montresorshop.com visas pre\u010du cenas ir nor\u0101d\u012btas, ieskaitot Pievienot\u0101s v\u0113rt\u012bbas nodokli 21%.<\/li><li style=\"font-weight: 400;\">Lai k\u013c\u016btu par interneta vietnes\u00a0montresorshop.com re\u0123istr\u0113to lietot\u0101ju, ir j\u0101iev\u0113ro interneta vietn\u0113\u00a0montresorshop.com\u00a0noteikt\u0101 re\u0123istr\u0113\u0161an\u0101s k\u0101rt\u012bba.<\/li><li style=\"font-weight: 400;\">Interneta vietnes lietot\u0101js piekr\u012bt sa\u0146emt inform\u0101ciju no interneta vietnes\u00a0montresorshop.com par da\u017e\u0101da veida aktualit\u0101t\u0113m, ja ir sa\u0146emta lietot\u0101ja, k\u0101 datu subjekta br\u012bva un nep\u0101rprotama piekri\u0161ana (iz\u0146emot gad\u012bjumus, kad zi\u0146u nos\u016bt\u012b\u0161ana lietot\u0101jam tiek veikta uz cita tiesisk\u0101 pamata).<\/li><li style=\"font-weight: 400;\">SIA \u201cAltra moda\u201d neatbild par jebk\u0101da veida izdevumiem un zaud\u0113jumiem, kas radu\u0161ies interneta vietnes montresorshop.com lieto\u0161anas laik\u0101.<\/li><\/ol><p style=\"font-weight: 400;\"><b><strong>Interneta vietn\u0113\u00a0montresorshop.com\u00a0pied\u0101v\u0101to pakalpojumu izmanto\u0161ana.<\/strong><\/b><\/p><ol start=\"11\"><li style=\"font-weight: 400;\">Jums vienm\u0113r ir j\u0101r\u012bkojas saska\u0146\u0101 ar interneta vietn\u0113\u00a0montresorshop.com nor\u0101d\u012bto k\u0101rt\u012bbu.<\/li><li style=\"font-weight: 400;\">Neizmantojiet interneta vietn\u0113 montresorshop.com ievietoto inform\u0101ciju \u013caunpr\u0101t\u012bgi. Interneta vietn\u0113 pied\u0101v\u0101tos pakalpojumus dr\u012bkstat izmantot tikai saska\u0146\u0101 ar sp\u0113k\u0101 eso\u0161ajiem normat\u012bvajiem aktiem. SIA \u201cAltra moda\u201d ir ties\u012bba aptur\u0113t vai p\u0101rtraukt pakalpojumu snieg\u0161anu, ja pas\u016bt\u012bjuma laik\u0101 netiek nodro\u0161in\u0101ta atbilst\u012bba interneta vietnes montresorshop.com lieto\u0161anas noteikumiem.<\/li><li style=\"font-weight: 400;\">Interneta vietn\u0113 montresorshop.com tiek att\u0113lots pre\u010du saturs un apraksts un cita inform\u0101cija, kas ir SIA \u201cAltra moda\u201d \u012bpa\u0161ums.<\/li><li style=\"font-weight: 400;\">Saist\u012bb\u0101 ar izmantotajiem pakalpojumiem SIA \u201eAltra moda\u201d ir ties\u012bgs nos\u016bt\u012bt pazi\u0146ojumus, atg\u0101din\u0101jumus par uzs\u0101ktajiem, bet nepabeigtajiem pakalpojumiem un citu inform\u0101ciju uz ievad\u012bto elektronisko e-pasta adresi ar m\u0113r\u0137i uzlabot pakalpojumu snieg\u0161anas kvalit\u0101ti. T\u0101pat SIA \u201cAltra moda\u201d ir ties\u012bgs nos\u016bt\u012bt inform\u0101ciju, tai skait\u0101 tie\u0161o zvanu veid\u0101, par montresorshop.com un SIA \u201cAltra moda\u201d sadarb\u012bbas partneru jaunumiem, akcij\u0101m un atlaid\u0113m. Jums ir ties\u012bbas atteikties no jebk\u0101du jaunumu sa\u0146em\u0161anas, redi\u0123\u0113jot \u0161o inform\u0101ciju sav\u0101 lietot\u0101ja profil\u0101, atrakstoties no jaunumu sa\u0146em\u0161anas, noklik\u0161\u0137inot uz e-pasta saites vai nos\u016btot inform\u0101ciju uz epastu montresorshop.com@gmail.com.<\/li><li style=\"font-weight: 400;\">Ja esat montresorshop.com re\u0123istr\u0113ts lietot\u0101js, bet k\u0101du iemeslu d\u0113\u013c v\u0113laties dz\u0113st savu profilu, l\u016bdzu rakstiet uz\u00a0montresorshop.com@gmail.com.<\/li><\/ol><p style=\"font-weight: 400;\"><b><strong>Interneta vietnes montresorshop.com preces pas\u016bt\u012b\u0161ana un autorties\u012bbu aizsardz\u012bba.<\/strong><\/b><\/p><ol start=\"16\"><li style=\"font-weight: 400;\">Uzs\u0101kot preces pas\u016bt\u012b\u0161anu, apliecin\u0101t, ka esat iepazinies un piekr\u012btat interneta vietnes montresorshop.com\u00a0<a href=\"https:\/\/montresorshop.com\/index.php?route=information\/information&amp;information_id=3\">priv\u0101tuma politikai<\/a>.<\/li><li style=\"font-weight: 400;\">Uzs\u0101kot preces pas\u016bt\u012b\u0161anu, apliecin\u0101t, ka esat iepazinies un piekr\u012btat\u00a0\u00a0<a href=\"https:\/\/montresorshop.com\/index.php?route=information\/information&amp;information_id=6\">pre\u010du pieg\u0101des nosac\u012bjumiem<\/a>.<\/li><li style=\"font-weight: 400;\">Uzs\u0101kot preces pas\u016bt\u012b\u0161anu, sazinoties ar SIA \u201cAltra moda\u201d vai t\u0101s v\u0101rd\u0101 p\u0101rst\u0101v\u0113to personu, telefoniski, e-past\u0101 vai soci\u0101lajos t\u012bklos, apliecin\u0101t, ka esat iepazinies un piekr\u012btat ar interneta vietnes montresorshop.com lieto\u0161anas noteikumiem un sniegtie kontaktpersonas dati ir pareizi.<\/li><li style=\"font-weight: 400;\"><b><strong>Par pas\u016bt\u012bjuma iepako\u0161anu var tikt apr\u0113\u0137in\u0101ta papildus maksa (piem\u0113ram, par iepirkuma maisi\u0146u), kas tiks nor\u0101d\u012bta gala r\u0113\u0137in\u0101, kur\u0161 klientam tiks izs\u016bt\u012bts.<\/strong><\/b><\/li><\/ol><p style=\"font-weight: 400;\"><b><strong>Par interneta vietnes montresorshop.com lieto\u0161anas noteikumiem.<\/strong><\/b><\/p><ol start=\"20\"><li style=\"font-weight: 400;\">Gad\u012bjum\u0101, ja k\u0101ds no \u0161ajos noteikumos nor\u0101d\u012btajiem punktiem zaud\u0113s sp\u0113ku, tas neietekm\u0113s p\u0101r\u0113jos noteikumus.<\/li><li style=\"font-weight: 400;\">Jebkuri str\u012bdi, kas izriet no \u0161iem noteikumiem vai pakalpojumiem vai ir saist\u012bti ar tiem, tiks izskat\u012bti saska\u0146\u0101 ar normat\u012bvajos aktos noteiktaj\u0101m pras\u012bb\u0101m.<\/li><li style=\"font-weight: 400;\">Visas intelektu\u0101l\u0101 \u012bpa\u0161uma ties\u012bbas attiec\u012bb\u0101 uz interneta vietni montresorshop.com pieder tikai un vien\u012bgi SIA \u201cAltra moda\u201d. \u0160o ties\u012bbu p\u0101rk\u0101puma gad\u012bjum\u0101 vain\u012bg\u0101 persona tiek saukta pie normat\u012bvajos aktos noteikt\u0101s atbild\u012bbas, k\u0101 ar\u012b ir piln\u012bb\u0101 atbild\u012bga par visiem zaud\u0113jumiem, kas ir vai var\u0113tu tikt nodar\u012bti SIA \u201cAltra moda\u201d un tre\u0161aj\u0101m person\u0101m.<\/li><li style=\"font-weight: 400;\">Inform\u0101ciju par to, k\u0101 sazin\u0101ties ar SIA \u201cAltra moda\u201d, skatiet m\u0101jas vietnes montresorshop.com sada\u013c\u0101 \u201eKontakti\u201d.<\/li><\/ol><p style=\"font-weight: 400;\"><b><strong>Pre\u010du atgrie\u0161anas noteikumi\u00a0<\/strong><\/b><\/p><ol style=\"font-weight: 400;\"><li>Sl\u0113dzot\u00a0distances\u00a0l\u012bgumu,\u00a0t.i.\u00a0veicot\u00a0pirkumu\u00a0interneta\u00a0veikal\u0101\u00a0<em>montresorshop.com<\/em>,\u00a0J\u016bs\u00a0varat\u00a0izmantot\u00a0atteikuma\u00a0ties\u012bbas\u00a0un\u00a0vienpus\u0113ji\u00a0atk\u0101pties\u00a0no\u00a0l\u012bguma\u00a014\u00a0kalend\u0101ro\u00a0dienu\u00a0laik\u0101\u00a0no\u00a0preces\u00a0sa\u0146em\u0161anas\u00a0dienas.\u00a0Atteikuma\u00a0ties\u012bbas\u00a0neattiecas\u00a0uz\u00a0juridisk\u0101m\u00a0person\u0101m.\u00a0<\/li><li>Jums\u00a0ir\u00a0ties\u012bbas\u00a0atteikuma\u00a0ties\u012bbu\u00a0izmanto\u0161anas\u00a0laik\u0101\u00a0izm\u0113\u0123in\u0101t\u00a0attiec\u012bgo\u00a0preci,\u00a0lai\u00a0p\u0101rliecin\u0101tos,\u00a0vai\u00a0t\u0101\u00a0atbilst\u00a0J\u016bsu\u00a0vajadz\u012bb\u0101m\u00a0un\u00a0v\u0113lm\u0113m,\u00a0neno\u0146emot\u00a0un\u00a0nesaboj\u0101jot\u00a0cenu\u00a0un\u00a0proves\u00a0z\u012bmes.\u00a0<b><strong>Atcerieties, ka atteikuma ties\u012bbu<\/strong><\/b><b><strong>\u00a0izmanto\u0161anas termi\u0146\u0101 Jums ir ties\u012bbas preci lietot tikt\u0101l, cikt\u0101l tas nepiecie\u0161ams preces p\u0101rbaudei (tie\u0161i t\u0101d\u0101 apm\u0113r\u0101, k\u0101d\u0101 to var\u0113tu izdar\u012bt pirms preces ieg\u0101des parastaj\u0101 veikal\u0101).<\/strong><\/b>\u00a0<\/li><li>Lai atgrieztu preci, Jums nepiecie\u0161ams\u00a0aizpild\u012bt\u00a0<b><strong><a href=\"http:\/\/montresorshop.com\/index.php?route=account\/return\/add\">atteikuma veidlapu<\/a><\/strong><\/b>\u00a0montresorshop.com interneta veikal\u0101 sada\u013c\u0101\u00a0<a href=\"https:\/\/montresorshop.com\/index.php?route=account\/return\/add\">\u201eAtteikuma veidlapa\u201d<\/a>.\u00a0<\/li><li>L\u016bdzam uzman\u012bgi aizpild\u012bt atteikuma veidlapu, nor\u0101dot visus nepiecie\u0161amos datus, lai m\u0113s var\u0113tu \u0101tri atrast J\u016bsu pas\u016bt\u012bjumu. Neprec\u012bzu datu gad\u012bjum\u0101 m\u0113s esam ties\u012bgi pie\u0146emt atteikumu ar t\u0101s dienas datumu, kad visi dati ir preciz\u0113ti.\u00a0<\/li><li>Atteikuma pieteikums ir pie\u0146emts kop\u0161 veidlapas aizpild\u012b\u0161anas br\u012b\u017ea un J\u016bs sa\u0146emsiet apstiprin\u0101jumu uz nor\u0101d\u012bto e-pasta adresi.\u00a0<\/li><li>\u00a0Preces atgrie\u0161anu var veikt 14 dienu laik\u0101 ats\u016btot preci pa pastu uz adresi SIA \u201cAltra moda\u201d, Dumbr\u0101ja iela 18 &#8211; 17, R\u012bga, LV-1067, kop\u0101 ar pirkuma dokumentiem, kurus sa\u0146\u0113m\u0101t ar pieg\u0101di. Preces atgrie\u0161anas pasta izdevumus sedz pirc\u0113js.\u00a0<\/li><li>Ja 14 dienu laik\u0101 p\u0113c atteikuma pieteikuma m\u0113s neesam sa\u0146\u0113mu\u0161i preci, no kuras esat atteicies, tad atteikuma pieteikums tiek anul\u0113ts.\u00a0<\/li><li>\u0412\u043e\u0441\u043f\u043e\u043b\u044c\u0437\u043e\u0432\u0430\u0432\u0448\u0438\u0441\u044c \u043f\u0440\u0430\u0432\u043e\u043c \u043d\u0430 \u043e\u0442\u043a\u0430\u0437, \u0412\u044b \u043d\u0435\u0441\u0435\u0442\u0435 \u043e\u0442\u0432\u0435\u0442\u0441\u0442\u0432\u0435\u043d\u043d\u043e\u0441\u0442\u044c \u0437\u0430 \u0438\u0441\u043f\u043e\u043b\u044c\u0437\u043e\u0432\u0430\u043d\u0438\u0435 \u0442\u043e\u0432\u0430\u0440\u0430, \u0432\u044b\u0445\u043e\u0434\u044f\u0449\u0435\u0435 \u0437\u0430 \u0440\u0430\u043c\u043a\u0438 \u043f\u0440\u0435\u0434\u043f\u043e\u043b\u0430\u0433\u0430\u0435\u043c\u043e\u0433\u043e \u043d\u0430\u0437\u043d\u0430\u0447\u0435\u043d\u0438\u044f \u043f\u0440\u043e\u0432\u0435\u0440\u043a\u0438 \u0442\u043e\u0432\u0430\u0440\u0430, \u0437\u0430 \u0438\u0441\u043f\u043e\u043b\u044c\u0437\u043e\u0432\u0430\u043d\u0438\u0435 \u0442\u043e\u0432\u0430\u0440\u0430  \u0432 \u0442\u0435\u0447\u0435\u043d\u0438\u0435 \u0441\u0440\u043e\u043a\u0430 \u0434\u0435\u0439\u0441\u0442\u0432\u0438\u044f \u043f\u0440\u0430\u0432\u0430 \u043d\u0430 \u043e\u0442\u043a\u0430\u0437, \u0447\u0442\u043e \u043d\u0435 \u0441\u043e\u0432\u043c\u0435\u0441\u0442\u0438\u043c\u043e \u0441 \u043f\u0440\u0438\u043d\u0446\u0438\u043f\u043e\u043c \u0434\u043e\u0431\u0440\u043e\u0441\u043e\u0432\u0435\u0441\u0442\u043d\u043e\u0441\u0442\u0438, \u0430 \u0442\u0430\u043a\u0436\u0435 \u0437\u0430 \u0441\u043d\u0438\u0436\u0435\u043d\u0438\u0435 \u0441\u0442\u043e\u0438\u043c\u043e\u0441\u0442\u0438, \u043a\u0430\u0447\u0435\u0441\u0442\u0432\u0430 \u0438 \u0431\u0435\u0437\u043e\u043f\u0430\u0441\u043d\u043e\u0441\u0442\u0438 \u0442\u043e\u0432\u0430\u0440\u0430.\u00a0<\/li><li>Ja izmantojat atteikuma ties\u012bbas, interneta veikalam\u00a0<em>montresorshop.com<\/em>\u00a0ir pien\u0101kums iesp\u0113jami agr\u0101k, bet ne v\u0113l\u0101k k\u0101 14 kalend\u0101ro dienu laik\u0101 no dienas, kad esam sa\u0146\u0113mu\u0161i atgriezto preci un p\u0101rliecin\u0101ju\u0161ies par t\u0101s kvalit\u0101tes atbilst\u012bbu, atmaks\u0101t naudu uz atteikuma veidlap\u0101 nor\u0101d\u012bto bankas kontu.\u00a0<\/li><\/ol><\/li><\/ol>\t\t\t\t\t\t\t\t<\/div>\n\t\t\t\t<\/div>\n\t\t\t\t\t<\/div>\n\t\t<\/div>\n\t\t\t\t\t<\/div>\n\t\t<\/section>\n\t\t\t\t<section class=\"elementor-section elementor-top-section elementor-element elementor-element-91de2ce elementor-section-boxed elementor-section-height-default elementor-section-height-default\" data-id=\"91de2ce\" data-element_type=\"section\" data-e-type=\"section\">\n\t\t\t\t\t\t<div class=\"elementor-container elementor-column-gap-default\">\n\t\t\t\t\t<div class=\"elementor-column elementor-col-100 elementor-top-column elementor-element elementor-element-51d3a71\" data-id=\"51d3a71\" data-element_type=\"column\" data-e-type=\"column\">\n\t\t\t<div class=\"elementor-widget-wrap elementor-element-populated\">\n\t\t\t\t\t\t<div class=\"elementor-element elementor-element-ad7efd7 elementor-widget elementor-widget-text-editor\" data-id=\"ad7efd7\" data-element_type=\"widget\" data-e-type=\"widget\" data-widget_type=\"text-editor.default\">\n\t\t\t\t<div class=\"elementor-widget-container\">\n\t\t\t\t\t\t\t\t\t<p>\u041f\u0440\u043e\u0441\u043d\u0443\u0432\u0448\u0438\u0441\u044c \u043e\u0434\u043d\u0430\u0436\u0434\u044b \u0443\u0442\u0440\u043e\u043c \u043f\u043e\u0441\u043b\u0435 \u0431\u0435\u0441\u043f\u043e\u043a\u043e\u0439\u043d\u043e\u0433\u043e \u0441\u043d\u0430, \u0413\u0440\u0435\u0433\u043e\u0440 \u0417\u0430\u043c\u0437\u0430 \u043e\u0431\u043d\u0430\u0440\u0443\u0436\u0438\u043b, \u0447\u0442\u043e \u043e\u043d \u0443 \u0441\u0435\u0431\u044f \u0432 \u043f\u043e\u0441\u0442\u0435\u043b\u0438 \u043f\u0440\u0435\u0432\u0440\u0430\u0442\u0438\u043b\u0441\u044f \u0432 \u0441\u0442\u0440\u0430\u0448\u043d\u043e\u0435 \u043d\u0430\u0441\u0435\u043a\u043e\u043c\u043e\u0435.<\/p>\t\t\t\t\t\t\t\t<\/div>\n\t\t\t\t<\/div>\n\t\t\t\t\t<\/div>\n\t\t<\/div>\n\t\t\t\t\t<\/div>\n\t\t<\/section>\n\t\t\t\t<\/div>","protected":false},"excerpt":{"rendered":"<p>Pirms s\u0101kt lietot interneta vietni montresorshop.com(SIA &#8220;Altra moda&#8221;, re\u0123istr\u0101cijas Nr. LV40003537762), l\u016bdzam r\u016bp\u012bgi izlas\u012bt \u0161os interneta vietnes montresorshop.com lieto\u0161anas noteikumus (turpm\u0101k \u2013&hellip;<\/p>","protected":false},"author":1,"featured_media":0,"parent":0,"menu_order":0,"comment_status":"closed","ping_status":"open","template":"","meta":{"footnotes":""},"class_list":["post-3509","page","type-page","status-publish","hentry"],"_links":{"self":[{"href":"https:\/\/montresorshop.com\/ru\/wp-json\/wp\/v2\/pages\/3509","targetHints":{"allow":["GET"]}}],"collection":[{"href":"https:\/\/montresorshop.com\/ru\/wp-json\/wp\/v2\/pages"}],"about":[{"href":"https:\/\/montresorshop.com\/ru\/wp-json\/wp\/v2\/types\/page"}],"author":[{"embeddable":true,"href":"https:\/\/montresorshop.com\/ru\/wp-json\/wp\/v2\/users\/1"}],"replies":[{"embeddable":true,"href":"https:\/\/montresorshop.com\/ru\/wp-json\/wp\/v2\/comments?post=3509"}],"version-history":[{"count":20,"href":"https:\/\/montresorshop.com\/ru\/wp-json\/wp\/v2\/pages\/3509\/revisions"}],"predecessor-version":[{"id":14446,"href":"https:\/\/montresorshop.com\/ru\/wp-json\/wp\/v2\/pages\/3509\/revisions\/14446"}],"wp:attachment":[{"href":"https:\/\/montresorshop.com\/ru\/wp-json\/wp\/v2\/media?parent=3509"}],"curies":[{"name":"wp","href":"https:\/\/api.w.org\/{rel}","templated":true}]}}