{"id":3686,"date":"2022-02-15T12:23:34","date_gmt":"2022-02-15T10:23:34","guid":{"rendered":"https:\/\/wp.montresorshop.com\/?page_id=3686"},"modified":"2023-01-04T13:16:25","modified_gmt":"2023-01-04T11:16:25","slug":"juvelierizstradajumu-lietosanas-noteikumi","status":"publish","type":"page","link":"https:\/\/montresorshop.com\/ru\/juvelierizstradajumu-lietosanas-noteikumi\/","title":{"rendered":"\u041f\u0440\u0430\u0432\u0438\u043b\u0430 \u044d\u043a\u0441\u043f\u043b\u0443\u0430\u0442\u0430\u0446\u0438\u0438 \u044e\u0432\u0435\u043b\u0438\u0440\u043d\u044b\u0445 \u0438\u0437\u0434\u0435\u043b\u0438\u0439"},"content":{"rendered":"<div data-elementor-type=\"wp-page\" data-elementor-id=\"3686\" class=\"elementor elementor-3686\">\n\t\t\t\t\t\t<section class=\"elementor-section elementor-top-section elementor-element elementor-element-cc7c330 elementor-section-boxed elementor-section-height-default elementor-section-height-default\" data-id=\"cc7c330\" data-element_type=\"section\" data-e-type=\"section\">\n\t\t\t\t\t\t<div class=\"elementor-container elementor-column-gap-default\">\n\t\t\t\t\t<div class=\"elementor-column elementor-col-100 elementor-top-column elementor-element elementor-element-6b06bf0\" data-id=\"6b06bf0\" data-element_type=\"column\" data-e-type=\"column\">\n\t\t\t<div class=\"elementor-widget-wrap elementor-element-populated\">\n\t\t\t\t\t\t<div class=\"elementor-element elementor-element-9afd267 elementor-view-framed elementor-shape-circle elementor-widget elementor-widget-icon\" data-id=\"9afd267\" data-element_type=\"widget\" data-e-type=\"widget\" data-widget_type=\"icon.default\">\n\t\t\t\t<div class=\"elementor-widget-container\">\n\t\t\t\t\t\t\t<div class=\"elementor-icon-wrapper\">\n\t\t\t<div class=\"elementor-icon\">\n\t\t\t<i aria-hidden=\"true\" class=\"far fa-gem\"><\/i>\t\t\t<\/div>\n\t\t<\/div>\n\t\t\t\t\t\t<\/div>\n\t\t\t\t<\/div>\n\t\t\t\t\t<\/div>\n\t\t<\/div>\n\t\t\t\t\t<\/div>\n\t\t<\/section>\n\t\t\t\t<section class=\"elementor-section elementor-top-section elementor-element elementor-element-ffcb424 elementor-section-boxed elementor-section-height-default elementor-section-height-default\" data-id=\"ffcb424\" data-element_type=\"section\" data-e-type=\"section\">\n\t\t\t\t\t\t<div class=\"elementor-container elementor-column-gap-default\">\n\t\t\t\t\t<div class=\"elementor-column elementor-col-100 elementor-top-column elementor-element elementor-element-8f827e0\" data-id=\"8f827e0\" data-element_type=\"column\" data-e-type=\"column\">\n\t\t\t<div class=\"elementor-widget-wrap elementor-element-populated\">\n\t\t\t\t\t\t<div class=\"elementor-element elementor-element-f57afb0 elementor-widget elementor-widget-text-editor\" data-id=\"f57afb0\" data-element_type=\"widget\" data-e-type=\"widget\" data-widget_type=\"text-editor.default\">\n\t\t\t\t<div class=\"elementor-widget-container\">\n\t\t\t\t\t\t\t\t\t<p><span style=\"color: var(--text-color-light); letter-spacing: 0.0125em; background-color: var(--background-color); font-family: var(--font-text);\">\u0423\u0432\u0430\u0436\u0430\u0435\u043c\u044b\u0435 \u043f\u043e\u043a\u0443\u043f\u0430\u0442\u0435\u043b\u0438!\u00a0<\/span><\/p><p><span style=\"font-weight: 400;\">\u041c\u044b \u043f\u0440\u0435\u0434\u043b\u0430\u0433\u0430\u0435\u043c \u043a\u0443\u043f\u0438\u0442\u044c \u044e\u0432\u0435\u043b\u0438\u0440\u043d\u044b\u0435 \u0443\u043a\u0440\u0430\u0448\u0435\u043d\u0438\u044f \u0438\u0437 \u0437\u043e\u043b\u043e\u0442\u0430, \u0441\u0435\u0440\u0435\u0431\u0440\u0430, \u0441 \u043f\u043e\u043a\u0440\u044b\u0442\u0438\u0435\u043c \u0437\u043e\u043b\u043e\u0442\u0430 18 \u043a\u0430\u0440\u0430\u0442 \u0438 \u0443\u043a\u0440\u0430\u0448\u0435\u043d\u0438\u044f \u0441 \u0436\u0435\u043c\u0447\u0443\u0433\u043e\u043c. \u0421\u043b\u0435\u0434\u0443\u0435\u0442 \u0421\u0422\u0420\u041e\u0413\u041e \u0441\u043e\u0431\u043b\u044e\u0434\u0430\u0442\u044c \u0443\u0441\u043b\u043e\u0432\u0438\u044f, \u0447\u0442\u043e\u0431\u044b \u044e\u0432\u0435\u043b\u0438\u0440\u043d\u044b\u0435 \u0438\u0437\u0434\u0435\u043b\u0438\u044f \u0441\u043e\u0445\u0440\u0430\u043d\u0438\u043b\u0438\u0441\u044c \u043a\u0430\u043a \u043c\u043e\u0436\u043d\u043e \u0434\u043e\u043b\u044c\u0448\u0435 \u0438 \u0431\u044b\u043b\u0438 \u0431\u044b \u0437\u0430\u0449\u0438\u0449\u0435\u043d\u044b \u043e\u0442 \u043c\u0435\u0445\u0430\u043d\u0438\u0447\u0435\u0441\u043a\u0438\u0445 \u0438 \u0442\u0435\u0445\u043d\u0438\u0447\u0435\u0441\u043a\u0438\u0445 \u043f\u043e\u0432\u0440\u0435\u0436\u0434\u0435\u043d\u0438\u0439.<\/span><span style=\"color: var(--text-color-light); letter-spacing: 0.0125em; background-color: var(--background-color); font-family: var(--font-text);\">\u00a0\u00a0<\/span><\/p><p><strong>\u042e\u0412\u0415\u041b\u0418\u0420\u041d\u042b\u0415 \u0418\u0417\u0414\u0415\u041b\u0418\u042f \u041e\u0411\u042f\u0417\u0410\u0422\u0415\u041b\u042c\u041d\u041e \u0421\u041d\u0418\u041c\u0410\u0422\u042c:<\/strong><\/p><ul><li style=\"font-weight: 400;\" aria-level=\"1\"><span style=\"font-weight: 400;\">\u0437\u0430\u043d\u0438\u043c\u0430\u044f\u0441\u044c \u0445\u043e\u0437\u044f\u0439\u0441\u0442\u0432\u0435\u043d\u043d\u044b\u043c\u0438 \u0440\u0430\u0431\u043e\u0442\u0430\u043c\u0438<\/span><\/li><li style=\"font-weight: 400;\" aria-level=\"1\"><span style=\"font-weight: 400;\">\u0438\u0441\u043f\u043e\u043b\u044c\u0437\u0443\u044f \u0449\u0435\u043b\u043e\u0447\u043d\u044b\u0435, \u0430 \u0442\u0430\u043a \u0436\u0435 \u0441\u043e\u0434\u0435\u0440\u0436\u0430\u0449\u0438\u0435 \u0445\u043b\u043e\u0440, \u0439\u043e\u0434, \u0441\u0435\u0440\u0443, \u0441\u0435\u0440\u043d\u044b\u0435 \u0441\u043e\u0435\u0434\u0438\u043d\u0435\u043d\u0438\u044f \u0438 \u043a\u0438\u0441\u043b\u043e\u0442\u044b, \u043c\u043e\u044e\u0449\u0438\u0435 \u0441\u0440\u0435\u0434\u0441\u0442\u0432\u0430<\/span><\/li><li style=\"font-weight: 400;\" aria-level=\"1\"><span style=\"font-weight: 400;\">\u0438\u0441\u043f\u043e\u043b\u044c\u0437\u0443\u044f \u043b\u044e\u0431\u044b\u0435 \u043a\u043e\u0441\u043c\u0435\u0442\u0438\u0447\u0435\u0441\u043a\u0438\u0435 \u0438 \u043f\u0430\u0440\u0444\u044e\u043c\u0435\u0440\u043d\u044b\u0435 \u0441\u0440\u0435\u0434\u0441\u0442\u0432\u0430, \u043c\u0435\u0434\u0438\u043a\u0430\u043c\u0435\u043d\u0442\u044b \u043a\u043e\u0442\u043e\u0440\u044b\u0435 \u043d\u0430\u0434\u043e \u043c\u0430\u0437\u0430\u0442\u044c \u043d\u0430 \u043a\u043e\u0436\u0443<\/span><\/li><li style=\"font-weight: 400;\" aria-level=\"1\"><span style=\"font-weight: 400;\">\u043c\u043e\u044f \u0440\u0443\u043a\u0438, \u043f\u0440\u0438\u043d\u0438\u043c\u0430\u044f \u0434\u0443\u0448\u00a0<\/span><\/li><li style=\"font-weight: 400;\" aria-level=\"1\"><span style=\"font-weight: 400;\">\u043f\u043e\u0441\u0435\u0449\u0430\u044f \u043b\u0435\u0447\u0435\u0431\u043d\u044b\u0435 \u0432\u0430\u043d\u043d\u044b, \u0441\u043e\u043b\u044f\u0440\u0438\u0439, \u0441\u0430\u0443\u043d\u0443, \u0431\u0430\u043d\u044e, \u0441\u043f\u043e\u0440\u0442\u0438\u0432\u043d\u044b\u0435 \u0437\u0430\u043d\u044f\u0442\u0438\u044f, \u0441\u0430\u043b\u043e\u043d \u043a\u0440\u0430\u0441\u043e\u0442\u044b<\/span><\/li><li style=\"font-weight: 400;\" aria-level=\"1\"><span style=\"font-weight: 400;\">\u043f\u0435\u0440\u0435\u0434 \u0441\u043d\u043e\u043c<\/span><\/li><\/ul><p><span style=\"font-weight: 400;\">\u00a0<\/span><span style=\"font-weight: 400;\">\u0422\u0430\u043a\u0436\u0435 \u041d\u0415 \u0421\u041e\u0412\u0415\u0422\u0423\u0415\u041c:<\/span><\/p><ul><li style=\"font-weight: 400;\" aria-level=\"1\"><span style=\"font-weight: 400;\">\u0434\u043e\u043f\u0443\u0441\u043a\u0430\u0442\u044c \u0441\u043e\u043f\u0440\u0438\u043a\u043e\u0441\u043d\u043e\u0432\u0435\u043d\u0438\u0435 \u0440\u0435\u043b\u044c\u0435\u0444\u043d\u044b\u0445 \u044e\u0432\u0435\u043b\u0438\u0440\u043d\u044b\u0445 \u0438\u0437\u0434\u0435\u043b\u0438\u0439 \u0441 \u0432\u044f\u0437\u0430\u043d\u043e\u0439 \u043e\u0434\u0435\u0436\u0434\u043e\u0439<\/span><\/li><li style=\"font-weight: 400;\" aria-level=\"1\"><span style=\"font-weight: 400;\">\u043d\u043e\u0441\u0438\u0442\u044c \u043d\u0435\u0441\u043a\u043e\u043b\u044c\u043a\u043e \u043a\u043e\u043b\u0435\u0446 \u043d\u0430 \u043e\u0434\u043d\u043e\u043c \u043f\u0430\u043b\u044c\u0446\u0435 (\u0437\u043e\u043b\u043e\u0442\u043e, \u0441\u0435\u0440\u0435\u0431\u0440\u043e \u0434\u043e\u0432\u043e\u043b\u044c\u043d\u043e \u043c\u044f\u0433\u043a\u0438\u0439 \u043c\u0435\u0442\u0430\u043b\u043b \u0438 \u043b\u0435\u0433\u043a\u043e \u0434\u0435\u0444\u043e\u0440\u043c\u0438\u0440\u0443\u0435\u0442\u0441\u044f \u0438 \u0446\u0430\u0440\u0430\u043f\u0430\u0435\u0442\u0441\u044f)<\/span><\/li><\/ul><p><strong>\u041d\u0415\u041b\u042c\u0417\u042f:<\/strong><\/p><ul><li style=\"font-weight: 400;\" aria-level=\"1\"><span style=\"font-weight: 400;\">\u0447\u0438\u0441\u0442\u0438\u0442\u044c \u044e\u0432\u0435\u043b\u0438\u0440\u043d\u044b\u0435 \u0438\u0437\u0434\u0435\u043b\u0438\u044f \u0437\u0443\u0431\u043d\u043e\u0439 \u043f\u0430\u0441\u0442\u043e\u0439, \u043f\u0435\u0441\u043a\u043e\u043c, \u0441\u043e\u0434\u043e\u0439<\/span><\/li><li style=\"font-weight: 400;\" aria-level=\"1\"><span style=\"font-weight: 400;\">\u0434\u043e\u043f\u0443\u0441\u043a\u0430\u0442\u044c \u043f\u0440\u044f\u043c\u043e\u0435 \u043f\u043e\u043f\u0430\u0434\u0430\u043d\u0438\u0435 \u0434\u0443\u0445\u043e\u0432 \u0438 \u043b\u0430\u043a\u0430 \u0434\u043b\u044f \u0432\u043e\u043b\u043e\u0441 \u043d\u0430 \u0438\u0437\u0434\u0435\u043b\u0438\u0435 (\u043e\u0441\u043e\u0431\u0435\u043d\u043d\u043e \u043d\u0430 \u0436\u0435\u043c\u0447\u0443\u0433)<\/span><\/li><li style=\"font-weight: 400;\" aria-level=\"1\"><span style=\"font-weight: 400;\">\u043f\u043e\u0434\u0432\u0435\u0440\u0433\u0430\u0442\u044c \u044e\u0432\u0435\u043b\u0438\u0440\u043d\u044b\u0435 \u0438\u0437\u0434\u0435\u043b\u0438\u044f \u043f\u0435\u0440\u0435\u043f\u0430\u0434\u0430\u043c \u0442\u0435\u043c\u043f\u0435\u0440\u0430\u0442\u0443\u0440\u044b (\u0432 \u0431\u0430\u043d\u0435, \u0441\u0430\u0443\u043d\u0435, \u0441\u043e\u043b\u044f\u0440\u0438\u0438, \u043f\u043e\u0441\u043b\u0435 \u0441\u043e\u043b\u043d\u0435\u0447\u043d\u044b\u0445 \u0432\u0430\u043d\u043d \u2013 \u0432 \u0445\u043e\u043b\u043e\u0434\u043d\u043e\u043c \u0431\u0430\u0441\u0441\u0435\u0439\u043d\u0435 \u0438 \u0442.\u0434.), \u0430  \u0442\u0430\u043a\u0436\u0435 \u0441\u043e\u043f\u0440\u0438\u043a\u043e\u0441\u043d\u043e\u0432\u0435\u043d\u0438\u044e \u0441 \u0432\u043e\u0434\u043e\u0439 \u0438 \u043f\u0440\u044f\u043c\u044b\u0445 \u0441\u043e\u043b\u043d\u0435\u0447\u043d\u044b\u0445 \u043b\u0443\u0447\u0435\u0439<\/span><\/li><li style=\"font-weight: 400;\" aria-level=\"1\"><span style=\"font-weight: 400;\">\u043d\u0435 \u0434\u043e\u043f\u0443\u0441\u043a\u0430\u0442\u044c \u043a\u043e\u043d\u0442\u0430\u043a\u0442\u0430 \u0441 \u043a\u0440\u0430\u0441\u044f\u0449\u0435\u0439 \u043e\u0434\u0435\u0436\u0434\u043e\u0439 \u0438 \u0432\u043e \u0432\u0440\u0435\u043c\u044f \u043e\u043a\u0440\u0430\u0448\u0438\u0432\u0430\u043d\u0438\u044f \u0432\u043e\u043b\u043e\u0441<\/span><\/li><li style=\"font-weight: 400;\" aria-level=\"1\"><span style=\"font-weight: 400;\">\u043f\u043e\u0434\u0432\u0435\u0440\u0433\u0430\u0442\u044c \u044e\u0432\u0435\u043b\u0438\u0440\u043d\u044b\u0435 \u0443\u043a\u0440\u0430\u0448\u0435\u043d\u0438\u044f \u043c\u0435\u0445\u0430\u043d\u0438\u0447\u0435\u0441\u043a\u0438\u043c \u043f\u043e\u0432\u0440\u0435\u0436\u0434\u0435\u043d\u0438\u044f\u043c<\/span><\/li><li style=\"font-weight: 400;\" aria-level=\"1\"><span style=\"font-weight: 400;\">\u043f\u0440\u0438\u043b\u0430\u0433\u0430\u0442\u044c \u0438\u0437\u043b\u0438\u0448\u043d\u0438\u0435 \u0443\u0441\u0438\u043b\u0438\u044f \u043f\u0440\u0438 \u043e\u0431\u0440\u0430\u0449\u0435\u043d\u0438\u0438 \u0441 \u0437\u0430\u0441\u0442\u0451\u0436\u043a\u0430\u043c\u0438 \u0438 \u0437\u0430\u043c\u043a\u0430\u043c\u0438<\/span><\/li><\/ul><p><span style=\"font-weight: 400;\">\u0418\u0437\u0434\u0435\u043b\u0438\u044f \u0441 \u0434\u0440\u0430\u0433\u043e\u0446\u0435\u043d\u043d\u044b\u043c\u0438 \u0438 \u0434\u0440\u0443\u0433\u0438\u043c\u0438 \u043a\u0430\u043c\u043d\u044f\u043c\u0438 \u043d\u0435\u043b\u044c\u0437\u044f \u043f\u043e\u0434\u0432\u0435\u0440\u0433\u0430\u0442\u044c \u0440\u0435\u0437\u043a\u0438\u043c \u0438\u0437\u043c\u0435\u043d\u0435\u043d\u0438\u044f\u043c \u0442\u0435\u043c\u043f\u0435\u0440\u0430\u0442\u0443\u0440\u044b (\u0446\u0438\u0440\u043a\u043e\u043d, \u043a \u043f\u0440\u0438\u043c\u0435\u0440\u0443, \u0442\u0435\u043c\u043d\u0435\u0435\u0442). \u041c\u043d\u043e\u0433\u0438\u0435 \u043d\u0430\u0442\u0443\u0440\u0430\u043b\u044c\u043d\u044b\u0435 \u043a\u0430\u043c\u043d\u0438 (\u0440\u0443\u0431\u0438\u043d, \u0442\u043e\u043f\u0430\u0437, \u0433\u0440\u0430\u043d\u0430\u0442,  \u0430\u043c\u0435\u0442\u0438\u0441\u0442, \u0431\u0438\u0440\u044e\u0437\u0430 \u0438 \u0434\u0440.) \u043f\u043e\u0434 \u0432\u043e\u0437\u0434\u0435\u0439\u0441\u0442\u0432\u0438\u0435\u043c \u0441\u0432\u0435\u0442\u0430 \u043c\u0435\u043d\u044f\u044e\u0442 \u0446\u0432\u0435\u0442, \u043f\u043e\u044d\u0442\u043e\u043c\u0443  \u044e\u0432\u0435\u043b\u0438\u0440\u043d\u044b\u0435 \u0438\u0437\u0434\u0435\u043b\u0438\u044f \u0441\u043b\u0435\u0434\u0443\u0435\u0442 \u0445\u0440\u0430\u043d\u0438\u0442\u044c \u0432 \u0441\u043f\u0435\u0446\u0438\u0430\u043b\u044c\u043d\u044b\u0445 \u043a\u043e\u0440\u043e\u0431\u043e\u0447\u043a\u0430\u0445! \u0416\u0435\u043b\u0430\u0442\u0435\u043b\u044c\u043d\u043e \u043a\u0430\u0436\u0434\u043e\u0435 \u0438\u0437\u0434\u0435\u043b\u0438\u0435 \u0445\u0440\u0430\u043d\u0438\u0442\u044c \u043e\u0442\u0434\u0435\u043b\u044c\u043d\u043e, \u043e\u0441\u043e\u0431\u0435\u043d\u043d\u043e \u044d\u0442\u043e \u043e\u0442\u043d\u043e\u0441\u0438\u0442\u0441\u044f \u043a \u044e\u0432\u0435\u043b\u0438\u0440\u043d\u044b\u043c \u0438\u0437\u0434\u0435\u043b\u0438\u044f\u043c \u0441\u043e \u0432\u0441\u0442\u0430\u0432\u043b\u0435\u043d\u043d\u044b\u043c\u0438 \u044d\u043b\u0435\u043c\u0435\u043d\u0442\u0430\u043c\u0438. \u042e\u0432\u0435\u043b\u0438\u0440\u043d\u044b\u0435 \u0438\u0437\u0434\u0435\u043b\u0438\u044f \u0441 \u043a\u0430\u043c\u043d\u044f\u043c\u0438 \u043d\u0435 \u043f\u0435\u0440\u0435\u043d\u043e\u0441\u044f\u0442 \u043f\u0435\u0440\u0435\u043f\u0430\u0434\u044b \u0442\u0435\u043c\u043f\u0435\u0440\u0430\u0442\u0443\u0440\u044b, \u043c\u0435\u0445\u0430\u043d\u0438\u0447\u0435\u0441\u043a\u0443\u044e \u043d\u0430\u0433\u0440\u0443\u0437\u043a\u0443 \u0438 \u0443\u0434\u0430\u0440\u044b \u2013 \u0432\u0441\u0435 \u044d\u0442\u043e \u0420\u0410\u0417\u0420\u0423\u0428\u0410\u0415\u0422 \u043a\u0430\u043c\u0435\u043d\u044c. \u041d\u0435 \u0441\u043e\u0432\u0435\u0442\u0443\u0435\u0442\u0441\u044f \u0438\u0445 \u0447\u0438\u0441\u0442\u0438\u0442\u044c \u0443\u043b\u044c\u0442\u0440\u0430\u0437\u0432\u0443\u043a\u043e\u043c. \u041d\u0430\u0442\u0443\u0440\u0430\u043b\u044c\u043d\u044b\u0439 \u0436\u0435\u043c\u0447\u0443\u0433 \u043c\u043e\u0436\u043d\u043e \u0447\u0438\u0441\u0442\u0438\u0442\u044c \u0442\u043e\u043b\u044c\u043a\u043e \u0443 \u044e\u0432\u0435\u043b\u0438\u0440\u0430<\/span><\/p><p><span style=\"font-weight: 400;\"><strong>\u0427\u0438\u0441\u0442\u043a\u0430 \u0432 \u0434\u043e\u043c\u0430\u0448\u043d\u0438\u0445 \u0443\u0441\u043b\u043e\u0432\u0438\u044f\u0445<\/strong>: \u044e\u0432\u0435\u043b\u0438\u0440\u043d\u044b\u0435 \u0438\u0437\u0434\u0435\u043b\u0438\u044f \u043c\u043e\u0436\u043d\u043e \u0447\u0438\u0441\u0442\u0438\u0442\u044c \u0437\u0430\u043c\u0448\u0435\u0432\u043e\u0439 \u0438\u043b\u0438 \u0444\u043b\u0430\u043d\u0435\u043b\u0435\u0432\u043e\u0439 \u0442\u0440\u044f\u043f\u043e\u0447\u043a\u043e\u0439<\/span><\/p><p><b>\u043c\u0430\u0433\u0430\u0437\u0438\u043d mon tr\u00e9sor<\/b><span style=\"font-weight: 400;\"> \u043d\u0435 \u043d\u0435\u0441\u0435\u0442 \u043e\u0442\u0432\u0435\u0442\u0441\u0442\u0432\u0435\u043d\u043d\u043e\u0441\u0442\u0438 \u0437\u0430 \u0440\u0435\u043c\u043e\u043d\u0442\u043d\u044b\u0435 \u0440\u0430\u0431\u043e\u0442\u044b, \u0433\u0440\u0430\u0432\u0438\u0440\u043e\u0432\u043a\u0443, \u0438\u0437\u043c\u0435\u043d\u0435\u043d\u0438\u0435 \u0440\u0430\u0437\u043c\u0435\u0440\u0430 \u0438 \u0434\u0440., \u043a\u043e\u0442\u043e\u0440\u044b\u0435 \u043f\u0440\u043e\u0438\u0437\u0432\u043e\u0434\u0438\u043b\u0438 \u043c\u0430\u0441\u0442\u0435\u0440\u0430 \u0434\u0440\u0443\u0433\u0438\u0445 \u043c\u0430\u0433\u0430\u0437\u0438\u043d\u043e\u0432 \u0438 \u043c\u0430\u0441\u0442\u0435\u0440\u0441\u043a\u0438\u0445.<\/span><\/p><p><b>\u043c\u0430\u0433\u0430\u0437\u0438\u043d mon tr\u00e9sor<\/b><span style=\"font-weight: 400;\"> \u043c\u0430\u0433\u0430\u0437\u0438\u043d \u043d\u0435 \u043d\u0435\u0441\u0435\u0442 \u043e\u0442\u0432\u0435\u0442\u0441\u0442\u0432\u0435\u043d\u043d\u043e\u0441\u0442\u0438 \u0437\u0430 \u0438\u0437\u0434\u0435\u043b\u0438\u044f, \u043f\u043e\u0432\u0440\u0435\u0436\u0434\u0435\u043d\u043d\u044b\u0435 \u0432\u043e \u0432\u0440\u0435\u043c\u044f \u043d\u0435\u043f\u0440\u0430\u0432\u0438\u043b\u044c\u043d\u043e\u0433\u043e \u0443\u0445\u043e\u0434\u0430<\/span><\/p>\t\t\t\t\t\t\t\t<\/div>\n\t\t\t\t<\/div>\n\t\t\t\t\t<\/div>\n\t\t<\/div>\n\t\t\t\t\t<\/div>\n\t\t<\/section>\n\t\t\t\t<\/div>","protected":false},"excerpt":{"rendered":"<p>Cien\u012bjamie pirc\u0113ji!\u00a0 M\u0113s pied\u0101v\u0101jam ieg\u0101d\u0101ties juvelierizstr\u0101d\u0101jumus no zelta, sudraba, ar 18 kar\u0101tu zelta p\u0101rkl\u0101jumu un rotaslietas ar p\u0113rl\u0113m. Ir STINGRI j\u0101iev\u0113ro noteikumi,&hellip;<\/p>","protected":false},"author":1,"featured_media":0,"parent":0,"menu_order":0,"comment_status":"closed","ping_status":"closed","template":"","meta":{"footnotes":""},"class_list":["post-3686","page","type-page","status-publish","hentry"],"_links":{"self":[{"href":"https:\/\/montresorshop.com\/ru\/wp-json\/wp\/v2\/pages\/3686","targetHints":{"allow":["GET"]}}],"collection":[{"href":"https:\/\/montresorshop.com\/ru\/wp-json\/wp\/v2\/pages"}],"about":[{"href":"https:\/\/montresorshop.com\/ru\/wp-json\/wp\/v2\/types\/page"}],"author":[{"embeddable":true,"href":"https:\/\/montresorshop.com\/ru\/wp-json\/wp\/v2\/users\/1"}],"replies":[{"embeddable":true,"href":"https:\/\/montresorshop.com\/ru\/wp-json\/wp\/v2\/comments?post=3686"}],"version-history":[{"count":11,"href":"https:\/\/montresorshop.com\/ru\/wp-json\/wp\/v2\/pages\/3686\/revisions"}],"predecessor-version":[{"id":13813,"href":"https:\/\/montresorshop.com\/ru\/wp-json\/wp\/v2\/pages\/3686\/revisions\/13813"}],"wp:attachment":[{"href":"https:\/\/montresorshop.com\/ru\/wp-json\/wp\/v2\/media?parent=3686"}],"curies":[{"name":"wp","href":"https:\/\/api.w.org\/{rel}","templated":true}]}}