{"id":10046,"date":"2023-09-13T15:17:10","date_gmt":"2023-09-13T13:17:10","guid":{"rendered":"https:\/\/montresorshop.com\/?post_type=product&#038;p=10046"},"modified":"2026-01-13T16:04:19","modified_gmt":"2026-01-13T14:04:19","slug":"zelta-kedite-5","status":"publish","type":"product","link":"https:\/\/montresorshop.com\/ru\/product\/zelta-kedite-5\/","title":{"rendered":"\u0417\u043e\u043b\u043e\u0442\u0430\u044f \u0446\u0435\u043f\u043e\u0447\u043a\u0430"},"content":{"rendered":"<p>\u25cf \u0426\u0435\u043f\u043e\u0447\u043a\u0430 \u0438\u0437 \u0437\u043e\u043b\u043e\u0442\u0430 585\u00b0 \u0441\u0442\u0430\u043d\u0435\u0442 \u043e\u0442\u043b\u0438\u0447\u043d\u044b\u043c  \u0434\u043e\u043f\u043e\u043b\u043d\u0435\u043d\u0438\u0435\u043c \u043a \u0432\u0430\u0448\u0435\u043c\u0443 \u043e\u0431\u0440\u0430\u0437\u0443<br \/>\n\u25cf \u0417\u043e\u043b\u043e\u0442\u043e\u0435 \u0443\u043a\u0440\u0430\u0448\u0435\u043d\u0438\u0435 \u2013   \u044d\u0442\u043e \u0432\u0435\u043b\u0438\u043a\u043e\u043b\u0435\u043f\u043d\u044b\u0439 \u043f\u043e\u0434\u0430\u0440\u043e\u043a \u043d\u0430 \u0432\u0441\u0435 \u0432\u0440\u0435\u043c\u0435\u043d\u0430<\/p>","protected":false},"excerpt":{"rendered":"<p>\u25cf Zelta \u0137\u0113d\u012bte 585\u00b0 lieliski papildin\u0101s j\u016bsu t\u0113lu \u25cf Zelta rotaslieta \u2013 t\u0101 ir lieliska d\u0101vana uz visiem laikiem<\/p>","protected":false},"featured_media":10047,"template":"","meta":[],"product_brand":[],"product_cat":[192,182,99],"product_tag":[213,210,209,212],"class_list":{"0":"post-10046","1":"product","2":"type-product","3":"status-publish","4":"has-post-thumbnail","6":"product_cat-kedites-visas","7":"product_cat-kedites-585","8":"product_cat-zelta-rotaslietas","9":"product_tag-213","10":"product_tag-kede","11":"product_tag-kedite","12":"product_tag-zelts","14":"first","15":"outofstock","16":"taxable","17":"shipping-taxable","18":"purchasable","19":"product-type-simple"},"_links":{"self":[{"href":"https:\/\/montresorshop.com\/ru\/wp-json\/wp\/v2\/product\/10046","targetHints":{"allow":["GET"]}}],"collection":[{"href":"https:\/\/montresorshop.com\/ru\/wp-json\/wp\/v2\/product"}],"about":[{"href":"https:\/\/montresorshop.com\/ru\/wp-json\/wp\/v2\/types\/product"}],"wp:featuredmedia":[{"embeddable":true,"href":"https:\/\/montresorshop.com\/ru\/wp-json\/wp\/v2\/media\/10047"}],"wp:attachment":[{"href":"https:\/\/montresorshop.com\/ru\/wp-json\/wp\/v2\/media?parent=10046"}],"wp:term":[{"taxonomy":"product_brand","embeddable":true,"href":"https:\/\/montresorshop.com\/ru\/wp-json\/wp\/v2\/product_brand?post=10046"},{"taxonomy":"product_cat","embeddable":true,"href":"https:\/\/montresorshop.com\/ru\/wp-json\/wp\/v2\/product_cat?post=10046"},{"taxonomy":"product_tag","embeddable":true,"href":"https:\/\/montresorshop.com\/ru\/wp-json\/wp\/v2\/product_tag?post=10046"}],"curies":[{"name":"wp","href":"https:\/\/api.w.org\/{rel}","templated":true}]}}