{"id":10515,"date":"2024-02-21T11:54:19","date_gmt":"2024-02-21T09:54:19","guid":{"rendered":"https:\/\/montresorshop.com\/?post_type=product&#038;p=10515"},"modified":"2024-02-21T11:58:48","modified_gmt":"2024-02-21T09:58:48","slug":"davanu-kastite-sarkana","status":"publish","type":"product","link":"https:\/\/montresorshop.com\/ru\/product\/davanu-kastite-sarkana\/","title":{"rendered":"\u041f\u043e\u0434\u0430\u0440\u043e\u0447\u043d\u0430\u044f \u043a\u043e\u0440\u043e\u0431\u043a\u0430, \u043a\u0440\u0430\u0441\u043d\u0430\u044f"},"content":{"rendered":"<p>\u041f\u043e\u0434\u0430\u0440\u043e\u0447\u043d\u0430\u044f \u043a\u043e\u0440\u043e\u0431\u043a\u0430, \u043a\u0440\u0430\u0441\u043d\u044b\u0439 \u0446\u0432\u0435\u0442.<\/p>\n<p>\u0420\u0430\u0437\u043c\u0435\u0440 23.5 x 3.1 x 2.3 \u0441\u043c<\/p>\n<p>\u041f\u0440\u0435\u0434\u043d\u0430\u0437\u043d\u0430\u0447\u0435\u043d\u0430 \u0434\u043b\u044f \u0446\u0435\u043f\u043e\u0447\u0435\u043a, \u0431\u0440\u0430\u0441\u043b\u0435\u0442\u043e\u0432.<\/p>","protected":false},"excerpt":{"rendered":"<p>D\u0101vanu kast\u012bte sarkan\u0101 kr\u0101s\u0101. Izm\u0113rs 23.5 x 3.1 x 2.3 cm Paredz\u0113ta \u0137\u0113d\u012bt\u0113m, aproc\u0113m.<\/p>","protected":false},"featured_media":10514,"template":"","meta":[],"product_brand":[],"product_cat":[591,594],"product_tag":[593,592],"class_list":{"0":"post-10515","1":"product","2":"type-product","3":"status-publish","4":"has-post-thumbnail","6":"product_cat-aksesuari","7":"product_cat-davanu-kastites","8":"product_tag-davanu-kastite","9":"product_tag-kastite","11":"first","12":"instock","13":"taxable","14":"shipping-taxable","15":"purchasable","16":"product-type-simple"},"_links":{"self":[{"href":"https:\/\/montresorshop.com\/ru\/wp-json\/wp\/v2\/product\/10515","targetHints":{"allow":["GET"]}}],"collection":[{"href":"https:\/\/montresorshop.com\/ru\/wp-json\/wp\/v2\/product"}],"about":[{"href":"https:\/\/montresorshop.com\/ru\/wp-json\/wp\/v2\/types\/product"}],"wp:featuredmedia":[{"embeddable":true,"href":"https:\/\/montresorshop.com\/ru\/wp-json\/wp\/v2\/media\/10514"}],"wp:attachment":[{"href":"https:\/\/montresorshop.com\/ru\/wp-json\/wp\/v2\/media?parent=10515"}],"wp:term":[{"taxonomy":"product_brand","embeddable":true,"href":"https:\/\/montresorshop.com\/ru\/wp-json\/wp\/v2\/product_brand?post=10515"},{"taxonomy":"product_cat","embeddable":true,"href":"https:\/\/montresorshop.com\/ru\/wp-json\/wp\/v2\/product_cat?post=10515"},{"taxonomy":"product_tag","embeddable":true,"href":"https:\/\/montresorshop.com\/ru\/wp-json\/wp\/v2\/product_tag?post=10515"}],"curies":[{"name":"wp","href":"https:\/\/api.w.org\/{rel}","templated":true}]}}