{"id":10520,"date":"2024-02-21T13:23:03","date_gmt":"2024-02-21T11:23:03","guid":{"rendered":"https:\/\/montresorshop.com\/?post_type=product&#038;p=10520"},"modified":"2024-02-21T13:25:36","modified_gmt":"2024-02-21T11:25:36","slug":"davanu-kastite-bordo-2","status":"publish","type":"product","link":"https:\/\/montresorshop.com\/ru\/product\/davanu-kastite-bordo-2\/","title":{"rendered":"\u041f\u043e\u0434\u0430\u0440\u043e\u0447\u043d\u0430\u044f \u043a\u043e\u0440\u043e\u0431\u043a\u0430, \u0431\u043e\u0440\u0434\u043e\u0432\u0430\u044f"},"content":{"rendered":"<p>\u041f\u043e\u0434\u0430\u0440\u043e\u0447\u043d\u0430\u044f \u043a\u043e\u0440\u043e\u0431\u043a\u0430, \u0431\u043e\u0440\u0434\u043e\u0432\u044b\u0439 \u0446\u0432\u0435\u0442<\/p>\n<p>\u0420\u0430\u0437\u043c\u0435\u0440 4.9 x 5.4 x 4.1 \u0441\u043c<\/p>\n<p>\u041f\u0440\u0435\u0434\u043d\u0430\u0437\u043d\u0430\u0447\u0435\u043d\u0430 \u0434\u043b\u044f \u0441\u0435\u0440\u0435\u0433, 2 \u043a\u043e\u043b\u0435\u0446.<\/p>","protected":false},"excerpt":{"rendered":"<p>D\u0101vanu kast\u012bte bordo kr\u0101s\u0101. Izm\u0113rs 4.9 x 5.4 x 4.1 cm. Paredz\u0113ta auskariem, 2 gredzeniem.<\/p>","protected":false},"featured_media":10521,"template":"","meta":[],"product_brand":[],"product_cat":[591,594],"product_tag":[593,592],"class_list":{"0":"post-10520","1":"product","2":"type-product","3":"status-publish","4":"has-post-thumbnail","6":"product_cat-aksesuari","7":"product_cat-davanu-kastites","8":"product_tag-davanu-kastite","9":"product_tag-kastite","11":"first","12":"instock","13":"taxable","14":"shipping-taxable","15":"purchasable","16":"product-type-simple"},"_links":{"self":[{"href":"https:\/\/montresorshop.com\/ru\/wp-json\/wp\/v2\/product\/10520","targetHints":{"allow":["GET"]}}],"collection":[{"href":"https:\/\/montresorshop.com\/ru\/wp-json\/wp\/v2\/product"}],"about":[{"href":"https:\/\/montresorshop.com\/ru\/wp-json\/wp\/v2\/types\/product"}],"wp:featuredmedia":[{"embeddable":true,"href":"https:\/\/montresorshop.com\/ru\/wp-json\/wp\/v2\/media\/10521"}],"wp:attachment":[{"href":"https:\/\/montresorshop.com\/ru\/wp-json\/wp\/v2\/media?parent=10520"}],"wp:term":[{"taxonomy":"product_brand","embeddable":true,"href":"https:\/\/montresorshop.com\/ru\/wp-json\/wp\/v2\/product_brand?post=10520"},{"taxonomy":"product_cat","embeddable":true,"href":"https:\/\/montresorshop.com\/ru\/wp-json\/wp\/v2\/product_cat?post=10520"},{"taxonomy":"product_tag","embeddable":true,"href":"https:\/\/montresorshop.com\/ru\/wp-json\/wp\/v2\/product_tag?post=10520"}],"curies":[{"name":"wp","href":"https:\/\/api.w.org\/{rel}","templated":true}]}}