{"id":11231,"date":"2024-05-22T14:22:18","date_gmt":"2024-05-22T12:22:18","guid":{"rendered":"https:\/\/montresorshop.com\/?post_type=product&#038;p=11231"},"modified":"2025-03-17T12:33:32","modified_gmt":"2025-03-17T10:33:32","slug":"sudraba-aproce-6","status":"publish","type":"product","link":"https:\/\/montresorshop.com\/ru\/product\/sudraba-aproce-6\/","title":{"rendered":"\u0421\u0435\u0440\u0435\u0431\u0440\u044f\u043d\u044b\u0439 \u0431\u0440\u0430\u0441\u043b\u0435\u0442"},"content":{"rendered":"<p>\u25cf \u0411\u0440\u0430\u0441\u043b\u0435\u0442 \u0438\u0437 \u0441\u0435\u0440\u0435\u0431\u0440\u0430 925\u00b0 \u0441\u0442\u0430\u043d\u0435\u0442 \u043e\u0442\u043b\u0438\u0447\u043d\u044b\u043c \u0434\u043e\u043f\u043e\u043b\u043d\u0435\u043d\u0438\u0435\u043c \u043a \u0432\u0430\u0448\u0435\u043c\u0443 \u043e\u0431\u0440\u0430\u0437\u0443<br \/>\n\u25cf \u0421\u0435\u0440\u0435\u0431\u0440\u044f\u043d\u043e\u0435 \u0443\u043a\u0440\u0430\u0448\u0435\u043d\u0438\u0435 \u2013   \u044d\u0442\u043e \u0432\u0435\u043b\u0438\u043a\u043e\u043b\u0435\u043f\u043d\u044b\u0439 \u043f\u043e\u0434\u0430\u0440\u043e\u043a \u043d\u0430 \u0432\u0441\u0435 \u0432\u0440\u0435\u043c\u0435\u043d\u0430<\/p>","protected":false},"excerpt":{"rendered":"<p>\u25cf Sudraba aproce 925\u00b0 lieliski papildin\u0101s j\u016bsu t\u0113lu \u25cf Sudraba rotaslieta \u2013 t\u0101 ir lieliska d\u0101vana uz visiem laikiem<\/p>","protected":false},"featured_media":11234,"template":"","meta":[],"product_brand":[],"product_cat":[187,177,103],"product_tag":[207,255,557,206],"class_list":{"0":"post-11231","1":"product","2":"type-product","3":"status-publish","4":"has-post-thumbnail","6":"product_cat-aproces-visas","7":"product_cat-aproces-925","8":"product_cat-sudraba-rotaslietas","9":"product_tag-207","10":"product_tag-aproce","11":"product_tag-sudraba-aproce","12":"product_tag-sudrabs","14":"first","15":"outofstock","16":"taxable","17":"shipping-taxable","18":"product-type-variable"},"_links":{"self":[{"href":"https:\/\/montresorshop.com\/ru\/wp-json\/wp\/v2\/product\/11231","targetHints":{"allow":["GET"]}}],"collection":[{"href":"https:\/\/montresorshop.com\/ru\/wp-json\/wp\/v2\/product"}],"about":[{"href":"https:\/\/montresorshop.com\/ru\/wp-json\/wp\/v2\/types\/product"}],"wp:featuredmedia":[{"embeddable":true,"href":"https:\/\/montresorshop.com\/ru\/wp-json\/wp\/v2\/media\/11234"}],"wp:attachment":[{"href":"https:\/\/montresorshop.com\/ru\/wp-json\/wp\/v2\/media?parent=11231"}],"wp:term":[{"taxonomy":"product_brand","embeddable":true,"href":"https:\/\/montresorshop.com\/ru\/wp-json\/wp\/v2\/product_brand?post=11231"},{"taxonomy":"product_cat","embeddable":true,"href":"https:\/\/montresorshop.com\/ru\/wp-json\/wp\/v2\/product_cat?post=11231"},{"taxonomy":"product_tag","embeddable":true,"href":"https:\/\/montresorshop.com\/ru\/wp-json\/wp\/v2\/product_tag?post=11231"}],"curies":[{"name":"wp","href":"https:\/\/api.w.org\/{rel}","templated":true}]}}