{"id":11383,"date":"2024-06-27T14:07:42","date_gmt":"2024-06-27T12:07:42","guid":{"rendered":"https:\/\/montresorshop.com\/?post_type=product&#038;p=11383"},"modified":"2025-01-21T11:35:20","modified_gmt":"2025-01-21T09:35:20","slug":"sudraba-kedite-6","status":"publish","type":"product","link":"https:\/\/montresorshop.com\/ru\/product\/sudraba-kedite-6\/","title":{"rendered":"\u0421\u0435\u0440\u0435\u0431\u0440\u044f\u043d\u0430\u044f \u0446\u0435\u043f\u043e\u0447\u043a\u0430"},"content":{"rendered":"<p>\u25cf \u0426\u0435\u043f\u043e\u0447\u043a\u0430 \u0438\u0437 \u0441\u0435\u0440\u0435\u0431\u0440\u0430 925\u00b0 \u0441\u0442\u0430\u043d\u0435\u0442 \u043e\u0442\u043b\u0438\u0447\u043d\u044b\u043c \u0434\u043e\u043f\u043e\u043b\u043d\u0435\u043d\u0438\u0435\u043c \u043a \u0432\u0430\u0448\u0435\u043c\u0443 \u043e\u0431\u0440\u0430\u0437\u0443<br \/>\n\u25cf \u041a\u0430\u0447\u0435\u0441\u0442\u0432\u0435\u043d\u043d\u0430\u044f \u043f\u044f\u0442\u0438\u043a\u0440\u0430\u0442\u043d\u0430\u044f \u043f\u043e\u043b\u0438\u0440\u043e\u0432\u043a\u0430 \u043f\u0440\u0438\u0434\u0430\u0435\u0442 \u043d\u0430\u0448\u0438\u043c \u0443\u043a\u0440\u0430\u0448\u0435\u043d\u0438\u044f\u043c \u043d\u0435\u0432\u0435\u0440\u043e\u044f\u0442\u043d\u044b\u0439 \u0431\u043b\u0435\u0441\u043a<br \/>\n\u25cf \u0421\u0435\u0440\u0435\u0431\u0440\u044f\u043d\u043e\u0435 \u0443\u043a\u0440\u0430\u0448\u0435\u043d\u0438\u0435 \u2013   \u044d\u0442\u043e \u0432\u0435\u043b\u0438\u043a\u043e\u043b\u0435\u043f\u043d\u044b\u0439 \u043f\u043e\u0434\u0430\u0440\u043e\u043a \u043d\u0430 \u0432\u0441\u0435 \u0432\u0440\u0435\u043c\u0435\u043d\u0430<\/p>","protected":false},"excerpt":{"rendered":"<p>\u25cf Sudraba \u0137\u0113d\u012bte 925\u00b0 lieliski papildin\u0101s j\u016bsu t\u0113lu \u25cf Augstas kvalit\u0101tes pieck\u0101rt\u012bga pul\u0113\u0161ana pie\u0161\u0137ir m\u016bsu rotasliet\u0101m neticamu sp\u012bdumu \u25cf Sudraba rotaslieta \u2013&hellip;<\/p>","protected":false},"featured_media":11387,"template":"","meta":[],"product_brand":[],"product_cat":[192,178,103],"product_tag":[207,210,209,206],"class_list":{"0":"post-11383","1":"product","2":"type-product","3":"status-publish","4":"has-post-thumbnail","6":"product_cat-kedites-visas","7":"product_cat-kedites-925","8":"product_cat-sudraba-rotaslietas","9":"product_tag-207","10":"product_tag-kede","11":"product_tag-kedite","12":"product_tag-sudrabs","14":"first","15":"outofstock","16":"taxable","17":"shipping-taxable","18":"product-type-variable"},"_links":{"self":[{"href":"https:\/\/montresorshop.com\/ru\/wp-json\/wp\/v2\/product\/11383","targetHints":{"allow":["GET"]}}],"collection":[{"href":"https:\/\/montresorshop.com\/ru\/wp-json\/wp\/v2\/product"}],"about":[{"href":"https:\/\/montresorshop.com\/ru\/wp-json\/wp\/v2\/types\/product"}],"wp:featuredmedia":[{"embeddable":true,"href":"https:\/\/montresorshop.com\/ru\/wp-json\/wp\/v2\/media\/11387"}],"wp:attachment":[{"href":"https:\/\/montresorshop.com\/ru\/wp-json\/wp\/v2\/media?parent=11383"}],"wp:term":[{"taxonomy":"product_brand","embeddable":true,"href":"https:\/\/montresorshop.com\/ru\/wp-json\/wp\/v2\/product_brand?post=11383"},{"taxonomy":"product_cat","embeddable":true,"href":"https:\/\/montresorshop.com\/ru\/wp-json\/wp\/v2\/product_cat?post=11383"},{"taxonomy":"product_tag","embeddable":true,"href":"https:\/\/montresorshop.com\/ru\/wp-json\/wp\/v2\/product_tag?post=11383"}],"curies":[{"name":"wp","href":"https:\/\/api.w.org\/{rel}","templated":true}]}}