{"id":11960,"date":"2024-08-19T15:13:32","date_gmt":"2024-08-19T13:13:32","guid":{"rendered":"https:\/\/montresorshop.com\/?post_type=product&#038;p=11960"},"modified":"2025-08-11T10:39:50","modified_gmt":"2025-08-11T08:39:50","slug":"kaklarota-ar-perlem-18","status":"publish","type":"product","link":"https:\/\/montresorshop.com\/ru\/product\/kaklarota-ar-perlem-18\/","title":{"rendered":"\u041a\u043e\u043b\u044c\u0435 \u0441 \u0436\u0435\u043c\u0447\u0443\u0433\u043e\u043c"},"content":{"rendered":"<p>\u25cf \u041a\u043e\u043b\u044c\u0435 \u0441 \u0436\u0435\u043c\u0447\u0443\u0433\u043e\u043c \u2013 \u0432\u0441\u0435\u0433\u0434\u0430 \u044d\u043b\u0435\u0433\u0430\u043d\u0442\u043d\u043e \u0438 \u043a\u0440\u0430\u0441\u0438\u0432\u043e<br \/>\n\u25cf \u041c\u0430\u0442\u0435\u0440\u0438\u0430\u043b: \u0441\u0435\u0440\u0435\u0431\u0440\u043e 925\u00b0, \u0440\u0435\u0447\u043d\u043e\u0439 \u0436\u0435\u043c\u0447\u0443\u0433<br \/>\n\u25cf \u0423\u043a\u0440\u0430\u0448\u0435\u043d\u0438\u044f \u0441 \u0436\u0435\u043c\u0447\u0443\u0433\u043e\u043c \u043f\u0440\u0435\u043a\u0440\u0430\u0441\u043d\u043e \u0434\u043e\u043f\u043e\u043b\u043d\u044f\u0442 \u0412\u0430\u0448 \u043e\u0431\u0440\u0430\u0437 \u0438\u043b\u0438 \u0441\u0442\u0430\u043d\u0443\u0442 \u0432\u0435\u043b\u0438\u043a\u043e\u043b\u0435\u043f\u043d\u044b\u043c \u043f\u043e\u0434\u0430\u0440\u043e\u043a \u043d\u0430 \u0432\u0441\u0435 \u0432\u0440\u0435\u043c\u0435\u043d\u0430<\/p>","protected":false},"excerpt":{"rendered":"<p>\u25cf Kaklarota ar p\u0113rl\u0113m &#8211; vienm\u0113r eleganti un skaisti \u25cf Materi\u0101ls: sudrabs 925\u00b0, upes p\u0113rles \u25cf Rotaslietas ar p\u0113rl\u0113m lieliski papildin\u0101s J\u016bsu&hellip;<\/p>","protected":false},"featured_media":11958,"template":"","meta":[],"product_brand":[],"product_cat":[189,635,631],"product_tag":[207,238,672,206,673],"class_list":{"0":"post-11960","1":"product","2":"type-product","3":"status-publish","4":"has-post-thumbnail","6":"product_cat-kaklarotas-visas","7":"product_cat-perlu-kaklarotas","8":"product_cat-perlu-rotaslietas","9":"product_tag-207","10":"product_tag-kaklarota","11":"product_tag-perles","12":"product_tag-sudrabs","13":"product_tag-upes-perles","14":"pa_perles-diametrs-8-9mm","16":"first","17":"outofstock","18":"taxable","19":"shipping-taxable","20":"purchasable","21":"product-type-simple"},"_links":{"self":[{"href":"https:\/\/montresorshop.com\/ru\/wp-json\/wp\/v2\/product\/11960","targetHints":{"allow":["GET"]}}],"collection":[{"href":"https:\/\/montresorshop.com\/ru\/wp-json\/wp\/v2\/product"}],"about":[{"href":"https:\/\/montresorshop.com\/ru\/wp-json\/wp\/v2\/types\/product"}],"wp:featuredmedia":[{"embeddable":true,"href":"https:\/\/montresorshop.com\/ru\/wp-json\/wp\/v2\/media\/11958"}],"wp:attachment":[{"href":"https:\/\/montresorshop.com\/ru\/wp-json\/wp\/v2\/media?parent=11960"}],"wp:term":[{"taxonomy":"product_brand","embeddable":true,"href":"https:\/\/montresorshop.com\/ru\/wp-json\/wp\/v2\/product_brand?post=11960"},{"taxonomy":"product_cat","embeddable":true,"href":"https:\/\/montresorshop.com\/ru\/wp-json\/wp\/v2\/product_cat?post=11960"},{"taxonomy":"product_tag","embeddable":true,"href":"https:\/\/montresorshop.com\/ru\/wp-json\/wp\/v2\/product_tag?post=11960"}],"curies":[{"name":"wp","href":"https:\/\/api.w.org\/{rel}","templated":true}]}}