{"id":12912,"date":"2025-02-04T13:37:30","date_gmt":"2025-02-04T11:37:30","guid":{"rendered":"https:\/\/montresorshop.com\/?post_type=product&#038;p=12912"},"modified":"2025-11-07T09:31:23","modified_gmt":"2025-11-07T07:31:23","slug":"aproce-111","status":"publish","type":"product","link":"https:\/\/montresorshop.com\/ru\/product\/aproce-111\/","title":{"rendered":"\u0411\u0440\u0430\u0441\u043b\u0435\u0442"},"content":{"rendered":"<p>\u25cf \u0411\u0440\u0430\u0441\u043b\u0435\u0442 \u043f\u0440\u0435\u043c\u0438\u0443\u043c \u043a\u043b\u0430\u0441\u0441\u0430 \u0441 \u0437\u043e\u043b\u043e\u0442\u044b\u043c \u043f\u043e\u043a\u0440\u044b\u0442\u0438\u0435\u043c 750\u00b0, \u043f\u0440\u043e\u0438\u0437\u0432\u0435\u0434\u0435\u043d\u043e \u0432\u043e \u0424\u0440\u0430\u043d\u0446\u0438\u0438<br \/>\n\u25cf \u0422\u043e\u043b\u0449\u0438\u043d\u0430 \u0437\u043e\u043b\u043e\u0442\u043e\u0433\u043e \u043f\u043e\u043a\u0440\u044b\u0442\u0438\u044f \u043e\u0442 3 \u0434\u043e 10 \u043c\u0438\u043a\u0440\u043e\u043d \u043e\u0431\u0435\u0441\u043f\u0435\u0447\u0438\u0432\u0430\u0435\u0442 \u0433\u0430\u0440\u0430\u043d\u0442\u0438\u044e \u043a\u0430\u0447\u0435\u0441\u0442\u0432\u0430 \u0434\u043e 5 \u043b\u0435\u0442, \u043e\u0441\u043d\u043e\u0432\u0430: \u043b\u0430\u0442\u0443\u043d\u044c<br \/>\n\u25cf \u041d\u0435 \u0432\u044b\u0437\u044b\u0432\u0430\u0435\u0442 \u0430\u043b\u043b\u0435\u0440\u0433\u0438\u044e<br \/>\n\u25cf \u041f\u0440\u0438 \u0441\u043e\u043f\u0440\u0438\u043a\u043e\u0441\u043d\u043e\u0432\u0435\u043d\u0438\u0438 \u0441 \u0432\u043e\u0434\u043e\u0439 \u043d\u0435 \u0442\u0435\u043c\u043d\u0435\u0435\u0442<br \/>\n\u25cf \u041f\u0440\u0435\u043a\u0440\u0430\u0441\u043d\u0430\u044f \u0430\u043b\u044c\u0442\u0435\u0440\u043d\u0430\u0442\u0438\u0432\u0430 \u0437\u043e\u043b\u043e\u0442\u044b\u043c \u0443\u043a\u0440\u0430\u0448\u0435\u043d\u0438\u044f\u043c - \u043f\u043e\u0445\u043e\u0436\u0438\u0439 \u0434\u0438\u0437\u0430\u0439\u043d, \u043d\u0438\u0437\u043a\u0438\u0435 \u0446\u0435\u043d\u044b<br \/>\n\u25cf \u0412\u0435\u043b\u0438\u043a\u043e\u043b\u0435\u043f\u043d\u044b\u0439 \u043f\u043e\u0434\u0430\u0440\u043e\u043a \u043d\u0430 \u043b\u044e\u0431\u043e\u0439 \u043f\u043e\u0432\u043e\u0434<\/p>","protected":false},"excerpt":{"rendered":"<p>\u25cf Premium klases aproce ar zelta p\u0101rkl\u0101jumu, 750\u00b0, ra\u017eots Francij\u0101 \u25cf Zelta p\u0101rkl\u0101juma biezums no 3 l\u012bdz 10 mikroniem sniedz kvalit\u0101tes garantiju&hellip;<\/p>","protected":false},"featured_media":12913,"template":"","meta":[],"product_brand":[],"product_cat":[187,171,101],"product_tag":[255,216,218],"class_list":{"0":"post-12912","1":"product","2":"type-product","3":"status-publish","4":"has-post-thumbnail","6":"product_cat-aproces-visas","7":"product_cat-aproces-750","8":"product_cat-bizuterija-ar-18k-zelta-parklajumu","9":"product_tag-aproce","10":"product_tag-parklajums-ar-zeltu","11":"product_tag-zelta-parklajums","13":"first","14":"instock","15":"taxable","16":"shipping-taxable","17":"purchasable","18":"product-type-simple"},"_links":{"self":[{"href":"https:\/\/montresorshop.com\/ru\/wp-json\/wp\/v2\/product\/12912","targetHints":{"allow":["GET"]}}],"collection":[{"href":"https:\/\/montresorshop.com\/ru\/wp-json\/wp\/v2\/product"}],"about":[{"href":"https:\/\/montresorshop.com\/ru\/wp-json\/wp\/v2\/types\/product"}],"wp:featuredmedia":[{"embeddable":true,"href":"https:\/\/montresorshop.com\/ru\/wp-json\/wp\/v2\/media\/12913"}],"wp:attachment":[{"href":"https:\/\/montresorshop.com\/ru\/wp-json\/wp\/v2\/media?parent=12912"}],"wp:term":[{"taxonomy":"product_brand","embeddable":true,"href":"https:\/\/montresorshop.com\/ru\/wp-json\/wp\/v2\/product_brand?post=12912"},{"taxonomy":"product_cat","embeddable":true,"href":"https:\/\/montresorshop.com\/ru\/wp-json\/wp\/v2\/product_cat?post=12912"},{"taxonomy":"product_tag","embeddable":true,"href":"https:\/\/montresorshop.com\/ru\/wp-json\/wp\/v2\/product_tag?post=12912"}],"curies":[{"name":"wp","href":"https:\/\/api.w.org\/{rel}","templated":true}]}}