{"id":14222,"date":"2025-08-28T13:20:31","date_gmt":"2025-08-28T11:20:31","guid":{"rendered":"https:\/\/montresorshop.com\/?post_type=product&#038;p=14222"},"modified":"2025-10-15T15:13:16","modified_gmt":"2025-10-15T13:13:16","slug":"zelta-auskari-220","status":"publish","type":"product","link":"https:\/\/montresorshop.com\/ru\/product\/zelta-auskari-220\/","title":{"rendered":"\u0417\u043e\u043b\u043e\u0442\u044b\u0435 \u0441\u0435\u0440\u044c\u0433\u0438"},"content":{"rendered":"<ul>\n<li>\u0421\u0435\u0440\u044c\u0433\u0438 \u0438\u0437 \u0437\u043e\u043b\u043e\u0442\u0430 585\u00b0 \u0441\u0442\u0430\u043d\u0443\u0442 \u043e\u0442\u043b\u0438\u0447\u043d\u044b\u043c  \u0434\u043e\u043f\u043e\u043b\u043d\u0435\u043d\u0438\u0435\u043c \u043a \u0432\u0430\u0448\u0435\u043c\u0443 \u043e\u0431\u0440\u0430\u0437\u0443<\/li>\n<li>\u041a\u0430\u0447\u0435\u0441\u0442\u0432\u0435\u043d\u043d\u0430\u044f \u043f\u044f\u0442\u0438\u043a\u0440\u0430\u0442\u043d\u0430\u044f \u043f\u043e\u043b\u0438\u0440\u043e\u0432\u043a\u0430 \u043f\u0440\u0438\u0434\u0430\u0435\u0442 \u043d\u0430\u0448\u0438\u043c \u0443\u043a\u0440\u0430\u0448\u0435\u043d\u0438\u044f\u043c \u043d\u0435\u0432\u0435\u0440\u043e\u044f\u0442\u043d\u044b\u0439 \u0431\u043b\u0435\u0441\u043a<\/li>\n<li>\u0417\u043e\u043b\u043e\u0442\u043e\u0435 \u0443\u043a\u0440\u0430\u0448\u0435\u043d\u0438\u0435 \u2013   \u044d\u0442\u043e \u0432\u0435\u043b\u0438\u043a\u043e\u043b\u0435\u043f\u043d\u044b\u0439 \u043f\u043e\u0434\u0430\u0440\u043e\u043a \u043d\u0430 \u0432\u0441\u0435 \u0432\u0440\u0435\u043c\u0435\u043d\u0430<\/li>\n<\/ul>","protected":false},"excerpt":{"rendered":"<p>Zelta auskari 585\u00b0 lieliski papildin\u0101s j\u016bsu t\u0113lu Augstas kvalit\u0101tes pieck\u0101rt\u012bga pul\u0113\u0161ana pie\u0161\u0137ir m\u016bsu rotasliet\u0101m neticamu sp\u012bdumu Zelta rotaslieta \u2013 t\u0101 ir lieliska&hellip;<\/p>","protected":false},"featured_media":14223,"template":"","meta":[],"product_brand":[],"product_cat":[186,100,99],"product_tag":[284,212],"class_list":{"0":"post-14222","1":"product","2":"type-product","3":"status-publish","4":"has-post-thumbnail","6":"product_cat-auskari-visi","7":"product_cat-auskari-585","8":"product_cat-zelta-rotaslietas","9":"product_tag-zelta-auskari","10":"product_tag-zelts","12":"first","13":"outofstock","14":"taxable","15":"shipping-taxable","16":"purchasable","17":"product-type-simple"},"_links":{"self":[{"href":"https:\/\/montresorshop.com\/ru\/wp-json\/wp\/v2\/product\/14222","targetHints":{"allow":["GET"]}}],"collection":[{"href":"https:\/\/montresorshop.com\/ru\/wp-json\/wp\/v2\/product"}],"about":[{"href":"https:\/\/montresorshop.com\/ru\/wp-json\/wp\/v2\/types\/product"}],"wp:featuredmedia":[{"embeddable":true,"href":"https:\/\/montresorshop.com\/ru\/wp-json\/wp\/v2\/media\/14223"}],"wp:attachment":[{"href":"https:\/\/montresorshop.com\/ru\/wp-json\/wp\/v2\/media?parent=14222"}],"wp:term":[{"taxonomy":"product_brand","embeddable":true,"href":"https:\/\/montresorshop.com\/ru\/wp-json\/wp\/v2\/product_brand?post=14222"},{"taxonomy":"product_cat","embeddable":true,"href":"https:\/\/montresorshop.com\/ru\/wp-json\/wp\/v2\/product_cat?post=14222"},{"taxonomy":"product_tag","embeddable":true,"href":"https:\/\/montresorshop.com\/ru\/wp-json\/wp\/v2\/product_tag?post=14222"}],"curies":[{"name":"wp","href":"https:\/\/api.w.org\/{rel}","templated":true}]}}