{"id":7004,"date":"2022-10-25T12:10:12","date_gmt":"2022-10-25T10:10:12","guid":{"rendered":"https:\/\/montresorshop.com\/?post_type=product&#038;p=7004"},"modified":"2023-05-15T10:47:02","modified_gmt":"2023-05-15T08:47:02","slug":"sudraba-auskari-57","status":"publish","type":"product","link":"https:\/\/montresorshop.com\/ru\/product\/sudraba-auskari-57\/","title":{"rendered":"\u0421\u0435\u0440\u0435\u0431\u0440\u044f\u043d\u044b\u0435 \u0441\u0435\u0440\u044c\u0433\u0438"},"content":{"rendered":"<p>\u25cf \u0421\u0435\u0440\u044c\u0433\u0438 \u0438\u0437 \u0441\u0435\u0440\u0435\u0431\u0440\u0430 925\u00b0 \u0441\u0442\u0430\u043d\u0443\u0442 \u043e\u0442\u043b\u0438\u0447\u043d\u044b\u043c  \u0434\u043e\u043f\u043e\u043b\u043d\u0435\u043d\u0438\u0435\u043c \u043a \u0432\u0430\u0448\u0435\u043c\u0443 \u043e\u0431\u0440\u0430\u0437\u0443<br \/>\n\u25cf \u041a\u0430\u0447\u0435\u0441\u0442\u0432\u0435\u043d\u043d\u0430\u044f \u043f\u044f\u0442\u0438\u043a\u0440\u0430\u0442\u043d\u0430\u044f \u043f\u043e\u043b\u0438\u0440\u043e\u0432\u043a\u0430 \u043f\u0440\u0438\u0434\u0430\u0435\u0442 \u043d\u0430\u0448\u0438\u043c \u0443\u043a\u0440\u0430\u0448\u0435\u043d\u0438\u044f\u043c \u043d\u0435\u0432\u0435\u0440\u043e\u044f\u0442\u043d\u044b\u0439 \u0431\u043b\u0435\u0441\u043a<br \/>\n\u25cf \u0421\u0435\u0440\u0435\u0431\u0440\u044f\u043d\u043e\u0435 \u0443\u043a\u0440\u0430\u0448\u0435\u043d\u0438\u0435 \u2013   \u044d\u0442\u043e \u0432\u0435\u043b\u0438\u043a\u043e\u043b\u0435\u043f\u043d\u044b\u0439 \u043f\u043e\u0434\u0430\u0440\u043e\u043a \u043d\u0430 \u0432\u0441\u0435 \u0432\u0440\u0435\u043c\u0435\u043d\u0430<br \/>\n\u25cf \u0423\u043a\u0440\u0430\u0448\u0435\u043d\u0438\u044f \u0438\u0437 \u0441\u0435\u0440\u0435\u0431\u0440\u0430 \u0431\u0440\u0435\u043d\u0434\u0430 SOKOLOV - \u044d\u0442\u043e \u043e\u0440\u0438\u0433\u0438\u043d\u0430\u043b\u044c\u043d\u044b\u0439 \u0434\u0438\u0437\u0430\u0439\u043d \u0438 \u043a\u0430\u0447\u0435\u0441\u0442\u0432\u043e. \u0423\u043a\u0440\u0430\u0448\u0435\u043d\u0438\u044f, \u043a\u043e\u0442\u043e\u0440\u044b\u0435 \u043f\u0440\u0438\u0432\u043b\u0435\u043a\u0430\u044e\u0442 \u0432\u043d\u0438\u043c\u0430\u043d\u0438\u0435 \u0438 \u043f\u0440\u0438\u0434\u0430\u044e\u0442 \u0443\u0432\u0435\u0440\u0435\u043d\u043d\u043e\u0441\u0442\u044c \u0432 \u0441\u0435\u0431\u0435<\/p>","protected":false},"excerpt":{"rendered":"<p>\u25cf Sudraba auskari 925\u00b0 lieliski papildin\u0101s j\u016bsu t\u0113lu \u25cf Augstas kvalit\u0101tes pieck\u0101rt\u012bga pul\u0113\u0161ana pie\u0161\u0137ir m\u016bsu rotasliet\u0101m neticamu sp\u012bdumu \u25cf Sudraba rotaslieta \u2013&hellip;<\/p>","protected":false},"featured_media":7005,"template":"","meta":[],"product_brand":[],"product_cat":[186,175,103],"product_tag":[207,205,206],"class_list":{"0":"post-7004","1":"product","2":"type-product","3":"status-publish","4":"has-post-thumbnail","6":"product_cat-auskari-visi","7":"product_cat-auskari-925","8":"product_cat-sudraba-rotaslietas","9":"product_tag-207","10":"product_tag-auskari","11":"product_tag-sudrabs","13":"first","14":"outofstock","15":"taxable","16":"shipping-taxable","17":"purchasable","18":"product-type-simple"},"_links":{"self":[{"href":"https:\/\/montresorshop.com\/ru\/wp-json\/wp\/v2\/product\/7004","targetHints":{"allow":["GET"]}}],"collection":[{"href":"https:\/\/montresorshop.com\/ru\/wp-json\/wp\/v2\/product"}],"about":[{"href":"https:\/\/montresorshop.com\/ru\/wp-json\/wp\/v2\/types\/product"}],"wp:featuredmedia":[{"embeddable":true,"href":"https:\/\/montresorshop.com\/ru\/wp-json\/wp\/v2\/media\/7005"}],"wp:attachment":[{"href":"https:\/\/montresorshop.com\/ru\/wp-json\/wp\/v2\/media?parent=7004"}],"wp:term":[{"taxonomy":"product_brand","embeddable":true,"href":"https:\/\/montresorshop.com\/ru\/wp-json\/wp\/v2\/product_brand?post=7004"},{"taxonomy":"product_cat","embeddable":true,"href":"https:\/\/montresorshop.com\/ru\/wp-json\/wp\/v2\/product_cat?post=7004"},{"taxonomy":"product_tag","embeddable":true,"href":"https:\/\/montresorshop.com\/ru\/wp-json\/wp\/v2\/product_tag?post=7004"}],"curies":[{"name":"wp","href":"https:\/\/api.w.org\/{rel}","templated":true}]}}