{"id":9576,"date":"2023-05-16T13:25:09","date_gmt":"2023-05-16T11:25:09","guid":{"rendered":"https:\/\/montresorshop.com\/?post_type=product&#038;p=9576"},"modified":"2025-02-04T13:09:05","modified_gmt":"2025-02-04T11:09:05","slug":"zelta-auskari-64","status":"publish","type":"product","link":"https:\/\/montresorshop.com\/ru\/product\/zelta-auskari-64\/","title":{"rendered":"\u0417\u043e\u043b\u043e\u0442\u044b\u0435 \u0441\u0435\u0440\u044c\u0433\u0438"},"content":{"rendered":"<p>\u25cf \u0421\u0435\u0440\u044c\u0433\u0438 \u0438\u0437 \u0437\u043e\u043b\u043e\u0442\u0430 585\u00b0 \u0441\u0442\u0430\u043d\u0443\u0442 \u043e\u0442\u043b\u0438\u0447\u043d\u044b\u043c  \u0434\u043e\u043f\u043e\u043b\u043d\u0435\u043d\u0438\u0435\u043c \u043a \u0432\u0430\u0448\u0435\u043c\u0443 \u043e\u0431\u0440\u0430\u0437\u0443<br \/>\n\u25cf \u0417\u043e\u043b\u043e\u0442\u043e\u0435 \u0443\u043a\u0440\u0430\u0448\u0435\u043d\u0438\u0435 \u2013   \u044d\u0442\u043e \u0432\u0435\u043b\u0438\u043a\u043e\u043b\u0435\u043f\u043d\u044b\u0439 \u043f\u043e\u0434\u0430\u0440\u043e\u043a \u043d\u0430 \u0432\u0441\u0435 \u0432\u0440\u0435\u043c\u0435\u043d\u0430<\/p>","protected":false},"excerpt":{"rendered":"<p>\u25cf Zelta auskari 585\u00b0 lieliski papildin\u0101s j\u016bsu t\u0113lu \u25cf Zelta rotaslieta \u2013 t\u0101 ir lieliska d\u0101vana uz visiem laikiem<\/p>","protected":false},"featured_media":9577,"template":"","meta":[],"product_brand":[],"product_cat":[186,100,99],"product_tag":[213,205,284,212],"class_list":{"0":"post-9576","1":"product","2":"type-product","3":"status-publish","4":"has-post-thumbnail","6":"product_cat-auskari-visi","7":"product_cat-auskari-585","8":"product_cat-zelta-rotaslietas","9":"product_tag-213","10":"product_tag-auskari","11":"product_tag-zelta-auskari","12":"product_tag-zelts","14":"first","15":"outofstock","16":"taxable","17":"shipping-taxable","18":"purchasable","19":"product-type-simple"},"_links":{"self":[{"href":"https:\/\/montresorshop.com\/ru\/wp-json\/wp\/v2\/product\/9576","targetHints":{"allow":["GET"]}}],"collection":[{"href":"https:\/\/montresorshop.com\/ru\/wp-json\/wp\/v2\/product"}],"about":[{"href":"https:\/\/montresorshop.com\/ru\/wp-json\/wp\/v2\/types\/product"}],"wp:featuredmedia":[{"embeddable":true,"href":"https:\/\/montresorshop.com\/ru\/wp-json\/wp\/v2\/media\/9577"}],"wp:attachment":[{"href":"https:\/\/montresorshop.com\/ru\/wp-json\/wp\/v2\/media?parent=9576"}],"wp:term":[{"taxonomy":"product_brand","embeddable":true,"href":"https:\/\/montresorshop.com\/ru\/wp-json\/wp\/v2\/product_brand?post=9576"},{"taxonomy":"product_cat","embeddable":true,"href":"https:\/\/montresorshop.com\/ru\/wp-json\/wp\/v2\/product_cat?post=9576"},{"taxonomy":"product_tag","embeddable":true,"href":"https:\/\/montresorshop.com\/ru\/wp-json\/wp\/v2\/product_tag?post=9576"}],"curies":[{"name":"wp","href":"https:\/\/api.w.org\/{rel}","templated":true}]}}